{"id":6127,"date":"2023-11-07T10:01:02","date_gmt":"2023-11-07T10:01:02","guid":{"rendered":"https:\/\/23web26.esedigital-dev.ovh\/?page_id=6127"},"modified":"2023-11-07T10:45:27","modified_gmt":"2023-11-07T10:45:27","slug":"politica-de-privacidad-email","status":"publish","type":"page","link":"https:\/\/improven.com\/cat\/politica-de-privacidad-email\/","title":{"rendered":"Pol\u00edtica de privacidad email"},"content":{"rendered":"<div data-elementor-type=\"wp-page\" data-elementor-id=\"6127\" class=\"elementor elementor-6127\" data-elementor-post-type=\"page\">\n\t\t\t\t\t\t\t<div class=\"elementor-element elementor-element-dd1a46a e-flex e-con-boxed elementor-invisible e-con e-parent\" data-id=\"dd1a46a\" data-element_type=\"container\" data-settings=\"{&quot;background_background&quot;:&quot;classic&quot;,&quot;animation&quot;:&quot;fadeIn&quot;,&quot;content_width&quot;:&quot;boxed&quot;}\" data-core-v316-plus=\"true\">\n\t\t\t\t\t<div class=\"e-con-inner\">\n\t\t\t\t<div class=\"elementor-element elementor-element-376679e elementor-widget elementor-widget-heading\" data-id=\"376679e\" data-element_type=\"widget\" data-widget_type=\"heading.default\">\n\t\t\t\t<div class=\"elementor-widget-container\">\n\t\t\t<style>\/*! elementor - v3.17.0 - 01-11-2023 *\/\n.elementor-heading-title{padding:0;margin:0;line-height:1}.elementor-widget-heading .elementor-heading-title[class*=elementor-size-]>a{color:inherit;font-size:inherit;line-height:inherit}.elementor-widget-heading .elementor-heading-title.elementor-size-small{font-size:15px}.elementor-widget-heading .elementor-heading-title.elementor-size-medium{font-size:19px}.elementor-widget-heading .elementor-heading-title.elementor-size-large{font-size:29px}.elementor-widget-heading .elementor-heading-title.elementor-size-xl{font-size:39px}.elementor-widget-heading .elementor-heading-title.elementor-size-xxl{font-size:59px}<\/style><h1 class=\"elementor-heading-title elementor-size-default\">Pol\u00edtica de privacidad email<\/h1>\t\t<\/div>\n\t\t\t\t<\/div>\n\t\t\t\t\t<\/div>\n\t\t\t\t<\/div>\n\t\t<div class=\"elementor-element elementor-element-a9ded3a e-flex e-con-boxed e-con e-parent\" data-id=\"a9ded3a\" data-element_type=\"container\" data-settings=\"{&quot;content_width&quot;:&quot;boxed&quot;}\" data-core-v316-plus=\"true\">\n\t\t\t\t\t<div class=\"e-con-inner\">\n\t\t\t\t<div class=\"elementor-element elementor-element-9df453f elementor-widget elementor-widget-text-editor\" data-id=\"9df453f\" data-element_type=\"widget\" data-widget_type=\"text-editor.default\">\n\t\t\t\t<div class=\"elementor-widget-container\">\n\t\t\t<style>\/*! elementor - v3.17.0 - 01-11-2023 *\/\n.elementor-widget-text-editor.elementor-drop-cap-view-stacked .elementor-drop-cap{background-color:#69727d;color:#fff}.elementor-widget-text-editor.elementor-drop-cap-view-framed .elementor-drop-cap{color:#69727d;border:3px solid;background-color:transparent}.elementor-widget-text-editor:not(.elementor-drop-cap-view-default) .elementor-drop-cap{margin-top:8px}.elementor-widget-text-editor:not(.elementor-drop-cap-view-default) .elementor-drop-cap-letter{width:1em;height:1em}.elementor-widget-text-editor .elementor-drop-cap{float:left;text-align:center;line-height:1;font-size:50px}.elementor-widget-text-editor .elementor-drop-cap-letter{display:inline-block}<\/style>\t\t\t\t<p><strong>CONFIDENCIALIDAD<\/strong>\u00a0<\/p><p>La informaci\u00f3n de este correo electr\u00f3nico es privada, confidencial, y para uso exclusivo de su destinatario. Si no eres el destinatario correcto, o lo has recibido por error, te informamos que est\u00e1 totalmente prohibido su divulgaci\u00f3n, distribuci\u00f3n o reproducci\u00f3n por ley. Por favor, notif\u00edcanoslo y procede a su destrucci\u00f3n sin continuar su lectura.<\/p><p><strong><br \/>PROTECCI\u00d3N DE DATOS<\/strong><\/p><p><em>Responsable:<\/em> Improven Consulting, S.L.<\/p><p><em>Finalidades:<\/em> Gestionar las comunicaciones realizadas a trav\u00e9s del correo electr\u00f3nico de los servicios prestados, informaci\u00f3n comercial o de las actividades realizados por el Responsable.<\/p><p><em>Legitimaci\u00f3n:<\/em> Consentimiento del interesado. Ejecuci\u00f3n o desarrollo de un contrato.<\/p><p><em>Destinatarios:<\/em> No se ceder\u00e1n datos a terceros, salvo obligaci\u00f3n legal.<\/p><p><em>Derechos:<\/em> Acceso, rectificaci\u00f3n, supresi\u00f3n, oposici\u00f3n, as\u00ed como otros derechos desarrollados en la secci\u00f3n\u00a0<strong>\u201cInformaci\u00f3n ampliada\u201d<\/strong><\/p><p><strong><br \/>LSSI<br \/><\/strong>Podemos incluir publicidad, si no deseas recibir m\u00e1s correos, contesta con el asunto \u201cbaja\u201d.<\/p><p>\u00a0<\/p><p>\u00a0<\/p><p><strong>CONFIDENTIALITY<br \/><\/strong>The information in this e\u00admail is private, confidential, and for the exclusive use of the recipient. If you are not the correct recipient, or have received it in error, we inform you that its disclosure,distribution or reproduction is strictly prohibited by law. Please notify us and proceed with its destruction without further reading.<\/p><p>\u00a0<\/p><p><strong>DATA PROTECTION:<\/strong><\/p><p><em>Responsible:<\/em> Improven Consulting, S.L.<\/p><p><em>Purposes:<\/em> To manage the communications carried out through the electronic mail of the services provided,commercial information or the activities carried out by the person in charge.<\/p><p><em>Legitimation:<\/em> Consent of the interested party. Execution or development of a contract.<\/p><p><em>Recipients:<\/em> Data will not be passed on to third parties, unless legally obliged to do so.<\/p><p><em>Rights:<\/em> Access, rectification, suppression, opposition, as well as other rights developed in section \u201c<strong>Informaci\u00f3n ampliada\u201d<\/strong><\/p><p><strong><br \/>LSSI:<\/strong>\u00a0We can include advertising, if you don\u2019t want to receive any more emails, answer with the subject \u00abbaja\u00bb<\/p><h2>\u00a0<\/h2><p><strong>Informaci\u00f3n ampliada<\/strong><\/p><p><strong>\u00bfQui\u00e9n es el responsable del tratamiento de tus datos?<\/strong><\/p><p>Improven Consulting, S.L.<\/p><p>B96920996<\/p><p>C\/ Roger de Lauria, 19 \u00ad 3A<\/p><p>46002<\/p><p>Valencia<\/p><p>902193989<\/p><p><a href=\"mailto:responsableprotecciondedatos@improven.com\">responsableprotecciondedatos@improven.com<\/a><\/p><p><strong><br \/>\u00bfCon que finalidades vamos a tratar tus datos personales?<\/strong><\/p><p>En Improven Consulting, S.L. vamos a tratar sus datos personales con las siguientes finalidades:<\/p><ol><li>Gestionar las comunicaciones realizadas a trav\u00e9s de su correo.<\/li><li>Atender a los servicios prestados por el Responsable.<\/li><li>Informaci\u00f3n comercial o de eventos.<\/li><\/ol><p><strong><br \/>\u00bfCu\u00e1l es la legitimaci\u00f3n para el tratamiento de tus datos?<\/strong><\/p><p>La base legal para los tratamientos indicados con anterioridad es el consentimiento del interesado. Previamente nos habr\u00e1 dado consentimiento a trav\u00e9s del contrato de servicios o formulario de recogida de datos. La otra base legal es el desarrollo o ejecuci\u00f3n del contrato firmado entre ambas partes en relaci\u00f3n con productos o servicios del responsable.<\/p><p><strong><br \/>\u00bfDurante cu\u00e1nto tiempo vamos a mantener los datos personales?<\/strong><\/p><p>Los datos personales ser\u00e1n mantenidos mientras se mantenga la vinculaci\u00f3n con el Responsable. Al finalizar los mismos, los datos personales tratados en cada una de las finalidades indicadas se mantendr\u00e1n durante los plazos legalmente previstos o durante el plazo que un juez o tribunal los pueda requerir\u00e1 tendiendo al plazo de prescripci\u00f3n de acciones judiciales. Los datos tratados se mantendr\u00e1n en tanto no expiren los plazos legales aludidos anteriormente, si hubiera obligaci\u00f3n legal de mantenimiento, o de no existir ese plazo legal, hasta que el interesado solicite su supresi\u00f3n o revoque el consentimiento otorgado.<\/p><p><strong><br \/>\u00bfA qu\u00e9 destinatarios se comunicar\u00e1n tus datos?<\/strong><\/p><p>No se ceder\u00e1n datos a terceros, salvo obligaci\u00f3n legal. Los destinatarios ser\u00e1n los distintos departamentos o secciones dentro de la organizaci\u00f3n del Responsable.<\/p><p><strong><br \/>\u00bfCu\u00e1les son tus derechos en relaci\u00f3n con el tratamiento de datos?<\/strong><\/p><p>Cualquier persona tiene derecho a obtener confirmaci\u00f3n sobre la existencia de un tratamiento sus datos, a acceder a sus datos personales, solicitar la rectificaci\u00f3n de los datos que sean inexactos o, en su caso, solicitar la supresi\u00f3n, cuando entre otros motivos, los datos ya no sean necesarios para los fines para los que fueron recogidos o el interesado retire el consentimiento otorgado. En determinados supuestos el interesado podr\u00e1 solicitar la limitaci\u00f3n del tratamiento de sus datos, en cuyo caso s\u00f3lo los conservaremos de acuerdo con la normativa vigente. En determinados supuestos puede ejercitar su derecho a la potabilidad de los datos, que ser\u00e1n entregados en un formato estructurado, de uso com\u00fan o lectura mec\u00e1nica a usted o el nuevo responsable de tratamiento que designe. Tiene derecho a revocar en cualquier momento el consentimiento para cualquiera de los tratamientos para los que lo ha otorgado.<\/p>\t\t\t\t\t\t<\/div>\n\t\t\t\t<\/div>\n\t\t\t\t\t<\/div>\n\t\t\t\t<\/div>\n\t\t\t\t\t\t\t<\/div>","protected":false},"excerpt":{"rendered":"<p>CONFIDENCIALIDAD\u00a0 La informaci\u00f3n de este correo electr\u00f3nico es privada, confidencial, y para uso exclusivo de su destinatario. Si no eres el destinatario correcto, o lo has recibido por error, te informamos que est\u00e1 totalmente prohibido su divulgaci\u00f3n, distribuci\u00f3n o reproducci\u00f3n por ley. Por favor, notif\u00edcanoslo y procede a su destrucci\u00f3n sin continuar su lectura. PROTECCI\u00d3N [&hellip;]<\/p>","protected":false},"author":1,"featured_media":0,"parent":0,"menu_order":0,"comment_status":"closed","ping_status":"closed","template":"","meta":{"_acf_changed":false,"footnotes":""},"class_list":["post-6127","page","type-page","status-publish","hentry"],"acf":[],"yoast_head":"<!-- This site is optimized with the Yoast SEO plugin v21.2 - https:\/\/yoast.com\/wordpress\/plugins\/seo\/ -->\n<title>Pol\u00edtica de privacidad email - Improven<\/title>\n<meta name=\"robots\" content=\"index, follow, max-snippet:-1, max-image-preview:large, max-video-preview:-1\" \/>\n<link rel=\"canonical\" href=\"https:\/\/improven.com\/cat\/politica-de-privacidad-email\/\" \/>\n<meta property=\"og:locale\" content=\"ca_ES\" \/>\n<meta property=\"og:type\" content=\"article\" \/>\n<meta property=\"og:title\" content=\"Pol\u00edtica de privacidad email - Improven\" \/>\n<meta property=\"og:description\" content=\"CONFIDENCIALIDAD\u00a0 La informaci\u00f3n de este correo electr\u00f3nico es privada, confidencial, y para uso exclusivo de su destinatario. Si no eres el destinatario correcto, o lo has recibido por error, te informamos que est\u00e1 totalmente prohibido su divulgaci\u00f3n, distribuci\u00f3n o reproducci\u00f3n por ley. Por favor, notif\u00edcanoslo y procede a su destrucci\u00f3n sin continuar su lectura. PROTECCI\u00d3N [&hellip;]\" \/>\n<meta property=\"og:url\" content=\"https:\/\/improven.com\/cat\/politica-de-privacidad-email\/\" \/>\n<meta property=\"og:site_name\" content=\"Improven\" \/>\n<meta property=\"article:modified_time\" content=\"2023-11-07T10:45:27+00:00\" \/>\n<meta name=\"twitter:card\" content=\"summary_large_image\" \/>\n<meta name=\"twitter:label1\" content=\"Temps estimat de lectura\" \/>\n\t<meta name=\"twitter:data1\" content=\"4 minuts\" \/>\n<script type=\"application\/ld+json\" class=\"yoast-schema-graph\">{\"@context\":\"https:\/\/schema.org\",\"@graph\":[{\"@type\":\"WebPage\",\"@id\":\"https:\/\/improven.com\/cat\/politica-de-privacidad-email\/\",\"url\":\"https:\/\/improven.com\/cat\/politica-de-privacidad-email\/\",\"name\":\"Pol\u00edtica de privacidad email - Improven\",\"isPartOf\":{\"@id\":\"https:\/\/improven.com\/cat\/#website\"},\"datePublished\":\"2023-11-07T10:01:02+00:00\",\"dateModified\":\"2023-11-07T10:45:27+00:00\",\"inLanguage\":\"ca\",\"potentialAction\":[{\"@type\":\"ReadAction\",\"target\":[\"https:\/\/improven.com\/cat\/politica-de-privacidad-email\/\"]}]},{\"@type\":\"WebSite\",\"@id\":\"https:\/\/improven.com\/cat\/#website\",\"url\":\"https:\/\/improven.com\/cat\/\",\"name\":\"Improven\",\"description\":\"\",\"potentialAction\":[{\"@type\":\"SearchAction\",\"target\":{\"@type\":\"EntryPoint\",\"urlTemplate\":\"https:\/\/improven.com\/cat\/?s={search_term_string}\"},\"query-input\":\"required name=search_term_string\"}],\"inLanguage\":\"ca\"}]}<\/script>\n<!-- \/ Yoast SEO plugin. -->","yoast_head_json":{"title":"Pol\u00edtica de privacidad email - Improven","robots":{"index":"index","follow":"follow","max-snippet":"max-snippet:-1","max-image-preview":"max-image-preview:large","max-video-preview":"max-video-preview:-1"},"canonical":"https:\/\/improven.com\/cat\/politica-de-privacidad-email\/","og_locale":"ca_ES","og_type":"article","og_title":"Pol\u00edtica de privacidad email - Improven","og_description":"CONFIDENCIALIDAD\u00a0 La informaci\u00f3n de este correo electr\u00f3nico es privada, confidencial, y para uso exclusivo de su destinatario. Si no eres el destinatario correcto, o lo has recibido por error, te informamos que est\u00e1 totalmente prohibido su divulgaci\u00f3n, distribuci\u00f3n o reproducci\u00f3n por ley. Por favor, notif\u00edcanoslo y procede a su destrucci\u00f3n sin continuar su lectura. PROTECCI\u00d3N [&hellip;]","og_url":"https:\/\/improven.com\/cat\/politica-de-privacidad-email\/","og_site_name":"Improven","article_modified_time":"2023-11-07T10:45:27+00:00","twitter_card":"summary_large_image","twitter_misc":{"Temps estimat de lectura":"4 minuts"},"schema":{"@context":"https:\/\/schema.org","@graph":[{"@type":"WebPage","@id":"https:\/\/improven.com\/cat\/politica-de-privacidad-email\/","url":"https:\/\/improven.com\/cat\/politica-de-privacidad-email\/","name":"Pol\u00edtica de privacidad email - Improven","isPartOf":{"@id":"https:\/\/improven.com\/cat\/#website"},"datePublished":"2023-11-07T10:01:02+00:00","dateModified":"2023-11-07T10:45:27+00:00","inLanguage":"ca","potentialAction":[{"@type":"ReadAction","target":["https:\/\/improven.com\/cat\/politica-de-privacidad-email\/"]}]},{"@type":"WebSite","@id":"https:\/\/improven.com\/cat\/#website","url":"https:\/\/improven.com\/cat\/","name":"Improven","description":"","potentialAction":[{"@type":"SearchAction","target":{"@type":"EntryPoint","urlTemplate":"https:\/\/improven.com\/cat\/?s={search_term_string}"},"query-input":"required name=search_term_string"}],"inLanguage":"ca"}]}},"_links":{"self":[{"href":"https:\/\/improven.com\/cat\/wp-json\/wp\/v2\/pages\/6127","targetHints":{"allow":["GET"]}}],"collection":[{"href":"https:\/\/improven.com\/cat\/wp-json\/wp\/v2\/pages"}],"about":[{"href":"https:\/\/improven.com\/cat\/wp-json\/wp\/v2\/types\/page"}],"author":[{"embeddable":true,"href":"https:\/\/improven.com\/cat\/wp-json\/wp\/v2\/users\/1"}],"replies":[{"embeddable":true,"href":"https:\/\/improven.com\/cat\/wp-json\/wp\/v2\/comments?post=6127"}],"version-history":[{"count":0,"href":"https:\/\/improven.com\/cat\/wp-json\/wp\/v2\/pages\/6127\/revisions"}],"wp:attachment":[{"href":"https:\/\/improven.com\/cat\/wp-json\/wp\/v2\/media?parent=6127"}],"curies":[{"name":"wp","href":"https:\/\/api.w.org\/{rel}","templated":true}]}}