{"id":5600,"date":"2023-11-02T16:50:17","date_gmt":"2023-11-02T16:50:17","guid":{"rendered":"https:\/\/23web26.esedigital-dev.ovh\/?page_id=5600"},"modified":"2024-03-14T10:01:10","modified_gmt":"2024-03-14T10:01:10","slug":"enhorabuena-ya-estas-inscrito-al-webinar","status":"publish","type":"page","link":"https:\/\/improven.com\/cat\/enhorabuena-ya-estas-inscrito-al-webinar\/","title":{"rendered":"Gracias webinar"},"content":{"rendered":"<div data-elementor-type=\"wp-page\" data-elementor-id=\"5600\" class=\"elementor elementor-5600\" data-elementor-post-type=\"page\">\n\t\t\t\t\t\t\t<div class=\"elementor-element elementor-element-51adcee elementor-hidden-tablet elementor-hidden-mobile e-flex e-con-boxed elementor-invisible e-con e-parent\" data-id=\"51adcee\" data-element_type=\"container\" data-settings=\"{&quot;background_background&quot;:&quot;video&quot;,&quot;background_video_link&quot;:&quot;\\\/wp-content\\\/uploads\\\/2023\\\/08\\\/new-video-banner.mp4&quot;,&quot;animation&quot;:&quot;fadeIn&quot;,&quot;content_width&quot;:&quot;boxed&quot;}\" data-core-v316-plus=\"true\">\n\t\t\t\t\t<div class=\"e-con-inner\">\n\t\t<div class=\"elementor-background-video-container elementor-hidden-phone\">\n\t\t\t\t\t\t\t<video class=\"elementor-background-video-hosted elementor-html5-video\" autoplay muted playsinline loop><\/video>\n\t\t\t\t\t<\/div><div class=\"elementor-element elementor-element-7186e9e e-con-full e-flex e-con e-child\" data-id=\"7186e9e\" data-element_type=\"container\" data-settings=\"{&quot;content_width&quot;:&quot;full&quot;}\">\n\t\t\t\t<div class=\"elementor-element elementor-element-8c6cee2 animated-slow elementor-widget__width-initial elementor-invisible elementor-widget elementor-widget-html\" data-id=\"8c6cee2\" data-element_type=\"widget\" data-settings=\"{&quot;_animation&quot;:&quot;fadeIn&quot;,&quot;_animation_delay&quot;:100}\" data-widget_type=\"html.default\">\n\t\t\t\t<div class=\"elementor-widget-container\">\n\t\t\t<div class=\"text-container\">\n        <h1 class=\"animated-text fade-up\">Enhorabuena<\/h1>\n    <\/div>\n    \n\t\t<\/div>\n\t\t\t\t<\/div>\n\t\t\t\t<div class=\"elementor-element elementor-element-0d65cad elementor-widget elementor-widget-text-editor\" data-id=\"0d65cad\" data-element_type=\"widget\" data-widget_type=\"text-editor.default\">\n\t\t\t\t<div class=\"elementor-widget-container\">\n\t\t\t<style>\/*! elementor - v3.17.0 - 01-11-2023 *\/\n.elementor-widget-text-editor.elementor-drop-cap-view-stacked .elementor-drop-cap{background-color:#69727d;color:#fff}.elementor-widget-text-editor.elementor-drop-cap-view-framed .elementor-drop-cap{color:#69727d;border:3px solid;background-color:transparent}.elementor-widget-text-editor:not(.elementor-drop-cap-view-default) .elementor-drop-cap{margin-top:8px}.elementor-widget-text-editor:not(.elementor-drop-cap-view-default) .elementor-drop-cap-letter{width:1em;height:1em}.elementor-widget-text-editor .elementor-drop-cap{float:left;text-align:center;line-height:1;font-size:50px}.elementor-widget-text-editor .elementor-drop-cap-letter{display:inline-block}<\/style>\t\t\t\t<p>Tu inscripci\u00f3n se ha realizado con \u00e9xito.<\/p>\t\t\t\t\t\t<\/div>\n\t\t\t\t<\/div>\n\t\t\t\t<div class=\"elementor-element elementor-element-a80c32f elementor-widget elementor-widget-text-editor\" data-id=\"a80c32f\" data-element_type=\"widget\" data-widget_type=\"text-editor.default\">\n\t\t\t\t<div class=\"elementor-widget-container\">\n\t\t\t\t\t\t\t<p><span class=\"fz-18 fz-sm-20 fz-md-22 fz-lg-23 mt-4 pr-4\">En breves instantes recibir\u00e1s un correo electr\u00f3nico de confirmaci\u00f3n con todos los datos del webinar. Si no encuentras el correo electr\u00f3nico revisa tu carpeta de \u201dSpam\u201d.\u00a0<\/span><\/p><p><span class=\"fz-18 fz-sm-20 fz-md-22 fz-lg-23 mt-4 pr-4\">Tambi\u00e9n recibir\u00e1s recordatorios antes de la emisi\u00f3n del webinar con el enlace para el acceso al mismo.\u00a0<\/span><\/p><p><span class=\"fz-18 fz-sm-20 fz-md-22 fz-lg-23 mt-4 pr-4\">Recuerda conectarte con tiempo para no perderte la emisi\u00f3n en directo. \u00a1Te esperamos! <\/span><\/p>\t\t\t\t\t\t<\/div>\n\t\t\t\t<\/div>\n\t\t\t\t<div class=\"elementor-element elementor-element-6932ed7 elementor-invisible elementor-widget elementor-widget-button\" data-id=\"6932ed7\" data-element_type=\"widget\" data-settings=\"{&quot;_animation&quot;:&quot;fadeInUp&quot;,&quot;_animation_delay&quot;:600}\" data-widget_type=\"button.default\">\n\t\t\t\t<div class=\"elementor-widget-container\">\n\t\t\t\t\t<div class=\"elementor-button-wrapper\">\n\t\t\t<a class=\"elementor-button elementor-button-link elementor-size-sm\" href=\"\/cat\/\">\n\t\t\t\t\t\t<span class=\"elementor-button-content-wrapper\">\n\t\t\t\t\t\t<span class=\"elementor-button-text\">VOLVER AL INICIO<\/span>\n\t\t<\/span>\n\t\t\t\t\t<\/a>\n\t\t<\/div>\n\t\t\t\t<\/div>\n\t\t\t\t<\/div>\n\t\t\t\t<\/div>\n\t\t\t\t\t<\/div>\n\t\t\t\t<\/div>\n\t\t<div class=\"elementor-element elementor-element-65f8595 elementor-hidden-desktop elementor-hidden-laptop e-flex e-con-boxed e-con e-parent\" data-id=\"65f8595\" data-element_type=\"container\" data-settings=\"{&quot;background_background&quot;:&quot;video&quot;,&quot;background_video_link&quot;:&quot;\\\/wp-content\\\/uploads\\\/2023\\\/08\\\/new-video-banner.mp4&quot;,&quot;content_width&quot;:&quot;boxed&quot;}\" data-core-v316-plus=\"true\">\n\t\t\t\t\t<div class=\"e-con-inner\">\n\t\t<div class=\"elementor-background-video-container elementor-hidden-phone\">\n\t\t\t\t\t\t\t<video class=\"elementor-background-video-hosted elementor-html5-video\" autoplay muted playsinline loop><\/video>\n\t\t\t\t\t<\/div><div class=\"elementor-element elementor-element-e16cff1 e-con-full e-flex e-con e-child\" data-id=\"e16cff1\" data-element_type=\"container\" data-settings=\"{&quot;content_width&quot;:&quot;full&quot;}\">\n\t\t\t\t<div class=\"elementor-element elementor-element-0f25e9b animated-slow elementor-widget__width-initial elementor-invisible elementor-widget elementor-widget-html\" data-id=\"0f25e9b\" data-element_type=\"widget\" data-settings=\"{&quot;_animation&quot;:&quot;fadeIn&quot;,&quot;_animation_delay&quot;:100}\" data-widget_type=\"html.default\">\n\t\t\t\t<div class=\"elementor-widget-container\">\n\t\t\t<div class=\"text-container\">\n        <h1 class=\"animated-text fade-up\">Enhorabuena<\/h1>\n    <\/div>\n    \n\t\t<\/div>\n\t\t\t\t<\/div>\n\t\t\t\t<div class=\"elementor-element elementor-element-c1e30e4 elementor-widget elementor-widget-text-editor\" data-id=\"c1e30e4\" data-element_type=\"widget\" data-widget_type=\"text-editor.default\">\n\t\t\t\t<div class=\"elementor-widget-container\">\n\t\t\t\t\t\t\t<p>Tu inscripci\u00f3n se ha realizado con \u00e9xito.<\/p>\t\t\t\t\t\t<\/div>\n\t\t\t\t<\/div>\n\t\t\t\t<div class=\"elementor-element elementor-element-59a532d elementor-widget elementor-widget-text-editor\" data-id=\"59a532d\" data-element_type=\"widget\" data-widget_type=\"text-editor.default\">\n\t\t\t\t<div class=\"elementor-widget-container\">\n\t\t\t\t\t\t\t<p><span class=\"fz-18 fz-sm-20 fz-md-22 fz-lg-23 mt-4 pr-4\">En breves instantes recibir\u00e1s un correo electr\u00f3nico de confirmaci\u00f3n con todos los datos del webinar. Si no encuentras el correo electr\u00f3nico revisa tu carpeta de \u201dSpam\u201d. Tambi\u00e9n recibir\u00e1s un correo de recordatorio 10 minutos antes de la emisi\u00f3n del webinar con el enlace para el acceso al mismo. Recuerda conectarte con tiempo para no perderte la emisi\u00f3n en directo. \u00a1Te esperamos! <\/span><\/p>\t\t\t\t\t\t<\/div>\n\t\t\t\t<\/div>\n\t\t\t\t<div class=\"elementor-element elementor-element-ba4e9ec elementor-invisible elementor-widget elementor-widget-button\" data-id=\"ba4e9ec\" data-element_type=\"widget\" data-settings=\"{&quot;_animation&quot;:&quot;fadeInUp&quot;,&quot;_animation_delay&quot;:600}\" data-widget_type=\"button.default\">\n\t\t\t\t<div class=\"elementor-widget-container\">\n\t\t\t\t\t<div class=\"elementor-button-wrapper\">\n\t\t\t<a class=\"elementor-button elementor-button-link elementor-size-sm\" href=\"\/cat\/\">\n\t\t\t\t\t\t<span class=\"elementor-button-content-wrapper\">\n\t\t\t\t\t\t<span class=\"elementor-button-text\">VOLVER AL INICIO<\/span>\n\t\t<\/span>\n\t\t\t\t\t<\/a>\n\t\t<\/div>\n\t\t\t\t<\/div>\n\t\t\t\t<\/div>\n\t\t\t\t<\/div>\n\t\t\t\t\t<\/div>\n\t\t\t\t<\/div>\n\t\t\t\t\t\t\t<\/div>","protected":false},"excerpt":{"rendered":"<p>Enhorabuena Tu inscripci\u00f3n se ha realizado con \u00e9xito. En breves instantes recibir\u00e1s un correo electr\u00f3nico de confirmaci\u00f3n con todos los datos del webinar. Si no encuentras el correo electr\u00f3nico revisa tu carpeta de \u201dSpam\u201d.\u00a0 Tambi\u00e9n recibir\u00e1s recordatorios antes de la emisi\u00f3n del webinar con el enlace para el acceso al mismo.\u00a0 Recuerda conectarte con tiempo [&hellip;]<\/p>","protected":false},"author":1,"featured_media":0,"parent":0,"menu_order":0,"comment_status":"closed","ping_status":"closed","template":"","meta":{"_acf_changed":false,"footnotes":""},"class_list":["post-5600","page","type-page","status-publish","hentry"],"acf":[],"yoast_head":"<!-- This site is optimized with the Yoast SEO plugin v21.2 - https:\/\/yoast.com\/wordpress\/plugins\/seo\/ -->\n<title>Gracias webinar - Improven<\/title>\n<meta name=\"robots\" content=\"index, follow, max-snippet:-1, max-image-preview:large, max-video-preview:-1\" \/>\n<link rel=\"canonical\" href=\"https:\/\/improven.com\/cat\/enhorabuena-ya-estas-inscrito-al-webinar\/\" \/>\n<meta property=\"og:locale\" content=\"ca_ES\" \/>\n<meta property=\"og:type\" content=\"article\" \/>\n<meta property=\"og:title\" content=\"Gracias webinar - Improven\" \/>\n<meta property=\"og:description\" content=\"Enhorabuena Tu inscripci\u00f3n se ha realizado con \u00e9xito. En breves instantes recibir\u00e1s un correo electr\u00f3nico de confirmaci\u00f3n con todos los datos del webinar. Si no encuentras el correo electr\u00f3nico revisa tu carpeta de \u201dSpam\u201d.\u00a0 Tambi\u00e9n recibir\u00e1s recordatorios antes de la emisi\u00f3n del webinar con el enlace para el acceso al mismo.\u00a0 Recuerda conectarte con tiempo [&hellip;]\" \/>\n<meta property=\"og:url\" content=\"https:\/\/improven.com\/cat\/enhorabuena-ya-estas-inscrito-al-webinar\/\" \/>\n<meta property=\"og:site_name\" content=\"Improven\" \/>\n<meta property=\"article:modified_time\" content=\"2024-03-14T10:01:10+00:00\" \/>\n<meta name=\"twitter:card\" content=\"summary_large_image\" \/>\n<meta name=\"twitter:label1\" content=\"Temps estimat de lectura\" \/>\n\t<meta name=\"twitter:data1\" content=\"1 minut\" \/>\n<script type=\"application\/ld+json\" class=\"yoast-schema-graph\">{\"@context\":\"https:\/\/schema.org\",\"@graph\":[{\"@type\":\"WebPage\",\"@id\":\"https:\/\/improven.com\/cat\/enhorabuena-ya-estas-inscrito-al-webinar\/\",\"url\":\"https:\/\/improven.com\/cat\/enhorabuena-ya-estas-inscrito-al-webinar\/\",\"name\":\"Gracias webinar - Improven\",\"isPartOf\":{\"@id\":\"https:\/\/improven.com\/cat\/#website\"},\"datePublished\":\"2023-11-02T16:50:17+00:00\",\"dateModified\":\"2024-03-14T10:01:10+00:00\",\"inLanguage\":\"ca\",\"potentialAction\":[{\"@type\":\"ReadAction\",\"target\":[\"https:\/\/improven.com\/cat\/enhorabuena-ya-estas-inscrito-al-webinar\/\"]}]},{\"@type\":\"WebSite\",\"@id\":\"https:\/\/improven.com\/cat\/#website\",\"url\":\"https:\/\/improven.com\/cat\/\",\"name\":\"Improven\",\"description\":\"\",\"potentialAction\":[{\"@type\":\"SearchAction\",\"target\":{\"@type\":\"EntryPoint\",\"urlTemplate\":\"https:\/\/improven.com\/cat\/?s={search_term_string}\"},\"query-input\":\"required name=search_term_string\"}],\"inLanguage\":\"ca\"}]}<\/script>\n<!-- \/ Yoast SEO plugin. -->","yoast_head_json":{"title":"Gracias webinar - Improven","robots":{"index":"index","follow":"follow","max-snippet":"max-snippet:-1","max-image-preview":"max-image-preview:large","max-video-preview":"max-video-preview:-1"},"canonical":"https:\/\/improven.com\/cat\/enhorabuena-ya-estas-inscrito-al-webinar\/","og_locale":"ca_ES","og_type":"article","og_title":"Gracias webinar - Improven","og_description":"Enhorabuena Tu inscripci\u00f3n se ha realizado con \u00e9xito. En breves instantes recibir\u00e1s un correo electr\u00f3nico de confirmaci\u00f3n con todos los datos del webinar. Si no encuentras el correo electr\u00f3nico revisa tu carpeta de \u201dSpam\u201d.\u00a0 Tambi\u00e9n recibir\u00e1s recordatorios antes de la emisi\u00f3n del webinar con el enlace para el acceso al mismo.\u00a0 Recuerda conectarte con tiempo [&hellip;]","og_url":"https:\/\/improven.com\/cat\/enhorabuena-ya-estas-inscrito-al-webinar\/","og_site_name":"Improven","article_modified_time":"2024-03-14T10:01:10+00:00","twitter_card":"summary_large_image","twitter_misc":{"Temps estimat de lectura":"1 minut"},"schema":{"@context":"https:\/\/schema.org","@graph":[{"@type":"WebPage","@id":"https:\/\/improven.com\/cat\/enhorabuena-ya-estas-inscrito-al-webinar\/","url":"https:\/\/improven.com\/cat\/enhorabuena-ya-estas-inscrito-al-webinar\/","name":"Gracias webinar - Improven","isPartOf":{"@id":"https:\/\/improven.com\/cat\/#website"},"datePublished":"2023-11-02T16:50:17+00:00","dateModified":"2024-03-14T10:01:10+00:00","inLanguage":"ca","potentialAction":[{"@type":"ReadAction","target":["https:\/\/improven.com\/cat\/enhorabuena-ya-estas-inscrito-al-webinar\/"]}]},{"@type":"WebSite","@id":"https:\/\/improven.com\/cat\/#website","url":"https:\/\/improven.com\/cat\/","name":"Improven","description":"","potentialAction":[{"@type":"SearchAction","target":{"@type":"EntryPoint","urlTemplate":"https:\/\/improven.com\/cat\/?s={search_term_string}"},"query-input":"required name=search_term_string"}],"inLanguage":"ca"}]}},"_links":{"self":[{"href":"https:\/\/improven.com\/cat\/wp-json\/wp\/v2\/pages\/5600","targetHints":{"allow":["GET"]}}],"collection":[{"href":"https:\/\/improven.com\/cat\/wp-json\/wp\/v2\/pages"}],"about":[{"href":"https:\/\/improven.com\/cat\/wp-json\/wp\/v2\/types\/page"}],"author":[{"embeddable":true,"href":"https:\/\/improven.com\/cat\/wp-json\/wp\/v2\/users\/1"}],"replies":[{"embeddable":true,"href":"https:\/\/improven.com\/cat\/wp-json\/wp\/v2\/comments?post=5600"}],"version-history":[{"count":0,"href":"https:\/\/improven.com\/cat\/wp-json\/wp\/v2\/pages\/5600\/revisions"}],"wp:attachment":[{"href":"https:\/\/improven.com\/cat\/wp-json\/wp\/v2\/media?parent=5600"}],"curies":[{"name":"wp","href":"https:\/\/api.w.org\/{rel}","templated":true}]}}