{"id":4666,"date":"2023-10-24T14:19:14","date_gmt":"2023-10-24T14:19:14","guid":{"rendered":"https:\/\/23web26.esedigital-dev.ovh\/?page_id=4666"},"modified":"2023-10-27T10:51:29","modified_gmt":"2023-10-27T10:51:29","slug":"gracias-te-hemos-enviado-la-grabacion","status":"publish","type":"page","link":"https:\/\/improven.com\/cat\/gracias-te-hemos-enviado-la-grabacion\/","title":{"rendered":"Gracias Grabaci\u00f3n"},"content":{"rendered":"<div data-elementor-type=\"wp-page\" data-elementor-id=\"4666\" class=\"elementor elementor-4666\" data-elementor-post-type=\"page\">\n\t\t\t\t\t\t\t<div class=\"elementor-element elementor-element-5326b49 elementor-hidden-tablet elementor-hidden-mobile e-flex e-con-boxed elementor-invisible e-con e-parent\" data-id=\"5326b49\" data-element_type=\"container\" data-settings=\"{&quot;background_background&quot;:&quot;video&quot;,&quot;background_video_link&quot;:&quot;\\\/wp-content\\\/uploads\\\/2023\\\/08\\\/new-video-banner.mp4&quot;,&quot;animation&quot;:&quot;fadeIn&quot;,&quot;content_width&quot;:&quot;boxed&quot;}\" data-core-v316-plus=\"true\">\n\t\t\t\t\t<div class=\"e-con-inner\">\n\t\t<div class=\"elementor-background-video-container elementor-hidden-phone\">\n\t\t\t\t\t\t\t<video class=\"elementor-background-video-hosted elementor-html5-video\" autoplay muted playsinline loop><\/video>\n\t\t\t\t\t<\/div><div class=\"elementor-element elementor-element-156104b e-con-full e-flex e-con e-child\" data-id=\"156104b\" data-element_type=\"container\" data-settings=\"{&quot;content_width&quot;:&quot;full&quot;}\">\n\t\t\t\t<div class=\"elementor-element elementor-element-f2a7ee2 animated-slow elementor-widget__width-initial elementor-invisible elementor-widget elementor-widget-html\" data-id=\"f2a7ee2\" data-element_type=\"widget\" data-settings=\"{&quot;_animation&quot;:&quot;fadeIn&quot;,&quot;_animation_delay&quot;:100}\" data-widget_type=\"html.default\">\n\t\t\t\t<div class=\"elementor-widget-container\">\n\t\t\t<div class=\"text-container\">\n        <h1 class=\"animated-text fade-up\">Genial, te hemos<br> enviado la grabaci\u00f3n<\/h1>\n    <\/div>\n    \n\t\t<\/div>\n\t\t\t\t<\/div>\n\t\t\t\t<div class=\"elementor-element elementor-element-7cef2a0 elementor-widget elementor-widget-text-editor\" data-id=\"7cef2a0\" data-element_type=\"widget\" data-widget_type=\"text-editor.default\">\n\t\t\t\t<div class=\"elementor-widget-container\">\n\t\t\t<style>\/*! elementor - v3.17.0 - 01-11-2023 *\/\n.elementor-widget-text-editor.elementor-drop-cap-view-stacked .elementor-drop-cap{background-color:#69727d;color:#fff}.elementor-widget-text-editor.elementor-drop-cap-view-framed .elementor-drop-cap{color:#69727d;border:3px solid;background-color:transparent}.elementor-widget-text-editor:not(.elementor-drop-cap-view-default) .elementor-drop-cap{margin-top:8px}.elementor-widget-text-editor:not(.elementor-drop-cap-view-default) .elementor-drop-cap-letter{width:1em;height:1em}.elementor-widget-text-editor .elementor-drop-cap{float:left;text-align:center;line-height:1;font-size:50px}.elementor-widget-text-editor .elementor-drop-cap-letter{display:inline-block}<\/style>\t\t\t\t<p><span class=\"fz-18 fz-sm-20 fz-md-22 fz-lg-23 mt-4 pr-4\">Echa un vistazo a tu correo, te hemos enviado un email con el acceso a la grabaci\u00f3n del Webinar. Ten en cuenta que podr\u00eda estar en la bandeja de spam. A\u00f1\u00e1denos a tu lista de remitentes seguros y no te pierdas nuestras novedades y pr\u00f3ximos eventos. <\/span><\/p>\t\t\t\t\t\t<\/div>\n\t\t\t\t<\/div>\n\t\t\t\t<div class=\"elementor-element elementor-element-57da701 elementor-invisible elementor-widget elementor-widget-button\" data-id=\"57da701\" data-element_type=\"widget\" data-settings=\"{&quot;_animation&quot;:&quot;fadeInUp&quot;,&quot;_animation_delay&quot;:600}\" data-widget_type=\"button.default\">\n\t\t\t\t<div class=\"elementor-widget-container\">\n\t\t\t\t\t<div class=\"elementor-button-wrapper\">\n\t\t\t<a class=\"elementor-button elementor-button-link elementor-size-sm\" href=\"\/cat\/\">\n\t\t\t\t\t\t<span class=\"elementor-button-content-wrapper\">\n\t\t\t\t\t\t<span class=\"elementor-button-text\">VOLVER AL INICIO<\/span>\n\t\t<\/span>\n\t\t\t\t\t<\/a>\n\t\t<\/div>\n\t\t\t\t<\/div>\n\t\t\t\t<\/div>\n\t\t\t\t<\/div>\n\t\t\t\t\t<\/div>\n\t\t\t\t<\/div>\n\t\t<div class=\"elementor-element elementor-element-2abfdfa elementor-hidden-desktop elementor-hidden-laptop e-flex e-con-boxed e-con e-parent\" data-id=\"2abfdfa\" data-element_type=\"container\" data-settings=\"{&quot;background_background&quot;:&quot;video&quot;,&quot;background_video_link&quot;:&quot;\\\/wp-content\\\/uploads\\\/2023\\\/08\\\/new-video-banner.mp4&quot;,&quot;content_width&quot;:&quot;boxed&quot;}\" data-core-v316-plus=\"true\">\n\t\t\t\t\t<div class=\"e-con-inner\">\n\t\t<div class=\"elementor-background-video-container elementor-hidden-phone\">\n\t\t\t\t\t\t\t<video class=\"elementor-background-video-hosted elementor-html5-video\" autoplay muted playsinline loop><\/video>\n\t\t\t\t\t<\/div><div class=\"elementor-element elementor-element-cbd0057 e-con-full e-flex e-con e-child\" data-id=\"cbd0057\" data-element_type=\"container\" data-settings=\"{&quot;content_width&quot;:&quot;full&quot;}\">\n\t\t\t\t<div class=\"elementor-element elementor-element-756bbf7 animated-slow elementor-invisible elementor-widget elementor-widget-html\" data-id=\"756bbf7\" data-element_type=\"widget\" data-settings=\"{&quot;_animation&quot;:&quot;fadeIn&quot;,&quot;_animation_delay&quot;:100}\" data-widget_type=\"html.default\">\n\t\t\t\t<div class=\"elementor-widget-container\">\n\t\t\t<div class=\"text-container\">\n        <h1 class=\"animated-text fade-up\">Genial, te hemos<br> enviado la grabaci\u00f3n<\/h1>\n    <\/div>\n    \n\t\t<\/div>\n\t\t\t\t<\/div>\n\t\t\t\t<div class=\"elementor-element elementor-element-5398722 elementor-widget elementor-widget-text-editor\" data-id=\"5398722\" data-element_type=\"widget\" data-widget_type=\"text-editor.default\">\n\t\t\t\t<div class=\"elementor-widget-container\">\n\t\t\t\t\t\t\t<p><span class=\"fz-18 fz-sm-20 fz-md-22 fz-lg-23 mt-4 pr-4\">Echa un vistazo a tu correo, te hemos enviado un email con el acceso a la grabaci\u00f3n del Webinar. Ten en cuenta que podr\u00eda estar en la bandeja de spam. A\u00f1\u00e1denos a tu lista de remitentes seguros y no te pierdas nuestras novedades y pr\u00f3ximos eventos. <\/span><\/p>\t\t\t\t\t\t<\/div>\n\t\t\t\t<\/div>\n\t\t\t\t<div class=\"elementor-element elementor-element-a08ea01 elementor-invisible elementor-widget elementor-widget-button\" data-id=\"a08ea01\" data-element_type=\"widget\" data-settings=\"{&quot;_animation&quot;:&quot;fadeInUp&quot;,&quot;_animation_delay&quot;:600}\" data-widget_type=\"button.default\">\n\t\t\t\t<div class=\"elementor-widget-container\">\n\t\t\t\t\t<div class=\"elementor-button-wrapper\">\n\t\t\t<a class=\"elementor-button elementor-button-link elementor-size-sm\" href=\"\/cat\/\">\n\t\t\t\t\t\t<span class=\"elementor-button-content-wrapper\">\n\t\t\t\t\t\t<span class=\"elementor-button-text\">VOLVER AL INICIO<\/span>\n\t\t<\/span>\n\t\t\t\t\t<\/a>\n\t\t<\/div>\n\t\t\t\t<\/div>\n\t\t\t\t<\/div>\n\t\t\t\t<\/div>\n\t\t\t\t\t<\/div>\n\t\t\t\t<\/div>\n\t\t\t\t\t\t\t<\/div>","protected":false},"excerpt":{"rendered":"<p>Genial, te hemos enviado la grabaci\u00f3n Echa un vistazo a tu correo, te hemos enviado un email con el acceso a la grabaci\u00f3n del Webinar. Ten en cuenta que podr\u00eda estar en la bandeja de spam. A\u00f1\u00e1denos a tu lista de remitentes seguros y no te pierdas nuestras novedades y pr\u00f3ximos eventos. VOLVER AL INICIO [&hellip;]<\/p>","protected":false},"author":1,"featured_media":0,"parent":0,"menu_order":0,"comment_status":"closed","ping_status":"closed","template":"","meta":{"_acf_changed":false,"footnotes":""},"class_list":["post-4666","page","type-page","status-publish","hentry"],"acf":[],"yoast_head":"<!-- This site is optimized with the Yoast SEO plugin v21.2 - https:\/\/yoast.com\/wordpress\/plugins\/seo\/ -->\n<title>Gracias Grabaci\u00f3n - Improven<\/title>\n<meta name=\"robots\" content=\"index, follow, max-snippet:-1, max-image-preview:large, max-video-preview:-1\" \/>\n<link rel=\"canonical\" href=\"https:\/\/improven.com\/cat\/gracias-te-hemos-enviado-la-grabacion\/\" \/>\n<meta property=\"og:locale\" content=\"ca_ES\" \/>\n<meta property=\"og:type\" content=\"article\" \/>\n<meta property=\"og:title\" content=\"Gracias Grabaci\u00f3n - Improven\" \/>\n<meta property=\"og:description\" content=\"Genial, te hemos enviado la grabaci\u00f3n Echa un vistazo a tu correo, te hemos enviado un email con el acceso a la grabaci\u00f3n del Webinar. Ten en cuenta que podr\u00eda estar en la bandeja de spam. A\u00f1\u00e1denos a tu lista de remitentes seguros y no te pierdas nuestras novedades y pr\u00f3ximos eventos. VOLVER AL INICIO [&hellip;]\" \/>\n<meta property=\"og:url\" content=\"https:\/\/improven.com\/cat\/gracias-te-hemos-enviado-la-grabacion\/\" \/>\n<meta property=\"og:site_name\" content=\"Improven\" \/>\n<meta property=\"article:modified_time\" content=\"2023-10-27T10:51:29+00:00\" \/>\n<meta name=\"twitter:card\" content=\"summary_large_image\" \/>\n<meta name=\"twitter:label1\" content=\"Temps estimat de lectura\" \/>\n\t<meta name=\"twitter:data1\" content=\"1 minut\" \/>\n<script type=\"application\/ld+json\" class=\"yoast-schema-graph\">{\"@context\":\"https:\/\/schema.org\",\"@graph\":[{\"@type\":\"WebPage\",\"@id\":\"https:\/\/improven.com\/cat\/gracias-te-hemos-enviado-la-grabacion\/\",\"url\":\"https:\/\/improven.com\/cat\/gracias-te-hemos-enviado-la-grabacion\/\",\"name\":\"Gracias Grabaci\u00f3n - Improven\",\"isPartOf\":{\"@id\":\"https:\/\/improven.com\/cat\/#website\"},\"datePublished\":\"2023-10-24T14:19:14+00:00\",\"dateModified\":\"2023-10-27T10:51:29+00:00\",\"inLanguage\":\"ca\",\"potentialAction\":[{\"@type\":\"ReadAction\",\"target\":[\"https:\/\/improven.com\/cat\/gracias-te-hemos-enviado-la-grabacion\/\"]}]},{\"@type\":\"WebSite\",\"@id\":\"https:\/\/improven.com\/cat\/#website\",\"url\":\"https:\/\/improven.com\/cat\/\",\"name\":\"Improven\",\"description\":\"\",\"potentialAction\":[{\"@type\":\"SearchAction\",\"target\":{\"@type\":\"EntryPoint\",\"urlTemplate\":\"https:\/\/improven.com\/cat\/?s={search_term_string}\"},\"query-input\":\"required name=search_term_string\"}],\"inLanguage\":\"ca\"}]}<\/script>\n<!-- \/ Yoast SEO plugin. -->","yoast_head_json":{"title":"Gracias Grabaci\u00f3n - Improven","robots":{"index":"index","follow":"follow","max-snippet":"max-snippet:-1","max-image-preview":"max-image-preview:large","max-video-preview":"max-video-preview:-1"},"canonical":"https:\/\/improven.com\/cat\/gracias-te-hemos-enviado-la-grabacion\/","og_locale":"ca_ES","og_type":"article","og_title":"Gracias Grabaci\u00f3n - Improven","og_description":"Genial, te hemos enviado la grabaci\u00f3n Echa un vistazo a tu correo, te hemos enviado un email con el acceso a la grabaci\u00f3n del Webinar. Ten en cuenta que podr\u00eda estar en la bandeja de spam. A\u00f1\u00e1denos a tu lista de remitentes seguros y no te pierdas nuestras novedades y pr\u00f3ximos eventos. VOLVER AL INICIO [&hellip;]","og_url":"https:\/\/improven.com\/cat\/gracias-te-hemos-enviado-la-grabacion\/","og_site_name":"Improven","article_modified_time":"2023-10-27T10:51:29+00:00","twitter_card":"summary_large_image","twitter_misc":{"Temps estimat de lectura":"1 minut"},"schema":{"@context":"https:\/\/schema.org","@graph":[{"@type":"WebPage","@id":"https:\/\/improven.com\/cat\/gracias-te-hemos-enviado-la-grabacion\/","url":"https:\/\/improven.com\/cat\/gracias-te-hemos-enviado-la-grabacion\/","name":"Gracias Grabaci\u00f3n - Improven","isPartOf":{"@id":"https:\/\/improven.com\/cat\/#website"},"datePublished":"2023-10-24T14:19:14+00:00","dateModified":"2023-10-27T10:51:29+00:00","inLanguage":"ca","potentialAction":[{"@type":"ReadAction","target":["https:\/\/improven.com\/cat\/gracias-te-hemos-enviado-la-grabacion\/"]}]},{"@type":"WebSite","@id":"https:\/\/improven.com\/cat\/#website","url":"https:\/\/improven.com\/cat\/","name":"Improven","description":"","potentialAction":[{"@type":"SearchAction","target":{"@type":"EntryPoint","urlTemplate":"https:\/\/improven.com\/cat\/?s={search_term_string}"},"query-input":"required name=search_term_string"}],"inLanguage":"ca"}]}},"_links":{"self":[{"href":"https:\/\/improven.com\/cat\/wp-json\/wp\/v2\/pages\/4666","targetHints":{"allow":["GET"]}}],"collection":[{"href":"https:\/\/improven.com\/cat\/wp-json\/wp\/v2\/pages"}],"about":[{"href":"https:\/\/improven.com\/cat\/wp-json\/wp\/v2\/types\/page"}],"author":[{"embeddable":true,"href":"https:\/\/improven.com\/cat\/wp-json\/wp\/v2\/users\/1"}],"replies":[{"embeddable":true,"href":"https:\/\/improven.com\/cat\/wp-json\/wp\/v2\/comments?post=4666"}],"version-history":[{"count":0,"href":"https:\/\/improven.com\/cat\/wp-json\/wp\/v2\/pages\/4666\/revisions"}],"wp:attachment":[{"href":"https:\/\/improven.com\/cat\/wp-json\/wp\/v2\/media?parent=4666"}],"curies":[{"name":"wp","href":"https:\/\/api.w.org\/{rel}","templated":true}]}}