{"id":3010,"date":"2023-09-27T09:47:20","date_gmt":"2023-09-27T09:47:20","guid":{"rendered":"https:\/\/23web26.esedigital-dev.ovh\/?page_id=3010"},"modified":"2025-02-24T12:35:53","modified_gmt":"2025-02-24T12:35:53","slug":"aviso-legal","status":"publish","type":"page","link":"https:\/\/improven.com\/cat\/avis-legal\/","title":{"rendered":"Av\u00eds legal"},"content":{"rendered":"<div data-elementor-type=\"wp-page\" data-elementor-id=\"3010\" class=\"elementor elementor-3010\" data-elementor-post-type=\"page\">\n\t\t\t\t\t\t\t<div class=\"elementor-element elementor-element-dd1a46a e-flex e-con-boxed elementor-invisible e-con e-parent\" data-id=\"dd1a46a\" data-element_type=\"container\" data-settings=\"{&quot;background_background&quot;:&quot;classic&quot;,&quot;animation&quot;:&quot;fadeIn&quot;,&quot;content_width&quot;:&quot;boxed&quot;}\" data-core-v316-plus=\"true\">\n\t\t\t\t\t<div class=\"e-con-inner\">\n\t\t\t\t<div class=\"elementor-element elementor-element-376679e elementor-widget elementor-widget-heading\" data-id=\"376679e\" data-element_type=\"widget\" data-widget_type=\"heading.default\">\n\t\t\t\t<div class=\"elementor-widget-container\">\n\t\t\t<style>\/*! elementor - v3.17.0 - 01-11-2023 *\/\n.elementor-heading-title{padding:0;margin:0;line-height:1}.elementor-widget-heading .elementor-heading-title[class*=elementor-size-]>a{color:inherit;font-size:inherit;line-height:inherit}.elementor-widget-heading .elementor-heading-title.elementor-size-small{font-size:15px}.elementor-widget-heading .elementor-heading-title.elementor-size-medium{font-size:19px}.elementor-widget-heading .elementor-heading-title.elementor-size-large{font-size:29px}.elementor-widget-heading .elementor-heading-title.elementor-size-xl{font-size:39px}.elementor-widget-heading .elementor-heading-title.elementor-size-xxl{font-size:59px}<\/style><h1 class=\"elementor-heading-title elementor-size-default\">Av\u00eds legal<\/h1>\t\t<\/div>\n\t\t\t\t<\/div>\n\t\t\t\t\t<\/div>\n\t\t\t\t<\/div>\n\t\t<div class=\"elementor-element elementor-element-a9ded3a e-flex e-con-boxed e-con e-parent\" data-id=\"a9ded3a\" data-element_type=\"container\" data-settings=\"{&quot;content_width&quot;:&quot;boxed&quot;}\" data-core-v316-plus=\"true\">\n\t\t\t\t\t<div class=\"e-con-inner\">\n\t\t\t\t<div class=\"elementor-element elementor-element-9df453f elementor-widget elementor-widget-text-editor\" data-id=\"9df453f\" data-element_type=\"widget\" data-widget_type=\"text-editor.default\">\n\t\t\t\t<div class=\"elementor-widget-container\">\n\t\t\t<style>\/*! elementor - v3.17.0 - 01-11-2023 *\/\n.elementor-widget-text-editor.elementor-drop-cap-view-stacked .elementor-drop-cap{background-color:#69727d;color:#fff}.elementor-widget-text-editor.elementor-drop-cap-view-framed .elementor-drop-cap{color:#69727d;border:3px solid;background-color:transparent}.elementor-widget-text-editor:not(.elementor-drop-cap-view-default) .elementor-drop-cap{margin-top:8px}.elementor-widget-text-editor:not(.elementor-drop-cap-view-default) .elementor-drop-cap-letter{width:1em;height:1em}.elementor-widget-text-editor .elementor-drop-cap{float:left;text-align:center;line-height:1;font-size:50px}.elementor-widget-text-editor .elementor-drop-cap-letter{display:inline-block}<\/style>\t\t\t\t<header class=\"entry-header\"><p class=\"entry-title\">\u00a0<\/p><\/header><div class=\"entry-content\"><p>Li agra\u00efm que hagi decidit visitar-nos. Volem que la seva experi\u00e8ncia en la nostra Web sigui tan b\u00e9 com sigui possible.<\/p><p>L'acc\u00e9s i la navegaci\u00f3 en el lloc web, o l'\u00fas dels serveis d'aquest, impliquen l'acceptaci\u00f3 expressa i \u00edntegra de totes i cadascuna de les presents Condicions Generals, incloses tant les Condicions Particulars fixades per a unes certes promocions, aix\u00ed com de les Pol\u00edtiques de Privacitat i de les Cookies, relacionades amb la normativa vigent en la mat\u00e8ria de Protecci\u00f3 de Dades Personals. Si us plau, li recomanem que les llegeixi amb atenci\u00f3 per a saber quin tipus de dades es recullen a trav\u00e9s de la nostra Web, amb quines finalitats i quins drets relacionats amb aix\u00f2 el concerneixen.<\/p><p><strong>1.- Informaci\u00f3 Legal.<\/strong><br \/>En compliment de la Llei 34\/2002, d'11 de juliol, de Serveis de la Societat de la Informaci\u00f3 i del Comer\u00e7 Electr\u00f2nic, les dades identificatives del titular del Portal  Web s\u00f3n:<\/p><table width=\"100%\"><tbody><tr><td>Identitat<\/td><td>Improven Consulting, S.L.<\/td><\/tr><tr><td>CIF:<\/td><td>B96920996<\/td><\/tr><tr><td>Adre\u00e7a postal:<\/td><td>C\/ Roger de Lauria, 19 \u2013 3A \u2013 46002 \u2013 Val\u00e8ncia (VAL\u00c8NCIA)<\/td><\/tr><tr><td>Tel\u00e8fon :<\/td><td>902193989<\/td><\/tr><tr><td>Correu-e:<\/td><td>apage@improven.com<\/td><\/tr><tr><td>URL:<\/td><td>www.improven.com<\/td><\/tr><\/tbody><\/table><p>L'acc\u00e9s a la Web suposa l'acceptaci\u00f3 expressa de l'Usuari a les presents Condicions Generals d'\u00das, que podran ser modificades totalment o parcialment o substitu\u00efdes per unes altres, pel seu titular i en qualsevol moment sense previ av\u00eds. Li recomanem que accedeixi a les presents condicions de tant en tant per a comprovar les seves possibles modificacions, que es publicaran en el mateix apartat.<\/p><p>2.- Condicions Generals d'\u00das.<br \/>Les seg\u00fcents Condicions Generals regulen l'\u00fas i acc\u00e9s al portal Web, la finalitat del qual \u00e9s establir pautes de bon \u00fas i comportament d'aquesta. Improven Consulting, S.L., posa a la disposici\u00f3 dels usuaris informaci\u00f3 sobre l'\u00fas, els serveis i els continguts que s'allotgen en la Web. A trav\u00e9s aquesta, l'Usuari pot tenir acc\u00e9s a informaci\u00f3 sobre productes i serveis espec\u00edfics, eines i aplicacions.<\/p><p>Les dades i informacions sobre productes o serveis, preus i caracter\u00edstiques o altres dades rellevants ofertes a trav\u00e9s de la p\u00e0gina web s\u00f3n realitzats, proporcionats i actualitzats per Prove\u00efdors i terceres empreses. Improven Consulting, S.L. no \u00e9s, en cap cas, responsable d'aquestes dades i informacions ni assumeix cap obligaci\u00f3 sobre aquests.<\/p><p>L'Usuari es compromet a fer un \u00fas adequat dels continguts, serveis, aplicacions i eines que estan accessibles, amb subjecci\u00f3 a la Llei i a les presents Condicions Generals d'\u00das i, si \u00e9s el cas a les Condicions Particulars que puguin establir-se per al possible acc\u00e9s a determinats serveis i aplicacions, respectant en tot moment als altres Usuaris d'aquesta.<\/p><p>En cas d'incompliment total i\/o parcial per l'Usuari de les presents condicions Generals d'\u00das, Improven Consulting, S.L. es reserva el dret de denegar l'acc\u00e9s a la Web, sense necessitat de previ av\u00eds a l'Usuari.<\/p><p>3.- Obligacions Generals de l'Usuari.<br \/>L'Usuari, en acceptar les presents condicions Generals d'\u00das, s'obliga expressament a:<\/p><p>\u2013 No realitzar cap acci\u00f3 destinada perjudicar, bloquejar, danyar, inutilitzar, sobrecarregar, de manera temporal o definitiva, les funcionalitats, eines, continguts i\/o la infraestructura de la p\u00e0gina web, de manera que impedeixi la seva normal utilitzaci\u00f3.<br \/>\u2013 Custodiar i mantenir la confidencialitat de les claus d'acc\u00e9s associades al seu nom d'Usuari, sent responsable de la utilitzaci\u00f3 d'aquestes claus d'acc\u00e9s personals i intransferibles per part de tercers.<br \/>\u2013 No introduir ni realitzar continguts injuriosos o calumniosos, tant d'altres Usuaris com de terceres empreses alienes a Improven Consulting, S.L.<br \/>\u2013 No utilitzar qualsevol dels materials i informacions continguts en aquest Lloc web amb finalitats il\u00b7l\u00edcits i\/o expressament prohibits en les presents Condicions Generals d'\u00das, aix\u00ed com a les condicions particulars que, si \u00e9s el cas, s'estableixin per a determinades aplicacions i\/o utilitats i que resultin contraris als drets i interessos de Improven Consulting, S.L., els seus usuaris i\/o tercers.<br \/>\u2013 No oferir ni distribuir productes i serveis, ni realitzar publicitat o comunicacions comercials no sol\u00b7licitades a altres Usuaris i visitants de Improven Consulting, S.L..<\/p><p>L'Usuari respondr\u00e0 dels tots els danys i perjudicis de tota naturalesa que Improven Consulting, S.L. o qualsevol tercer pugui sofrir a conseq\u00fc\u00e8ncia de l'incompliment  de qualssevol de les obligacions a les quals queda sotm\u00e8s per virtut d'aquestes \u201cCondicions Generals d'\u00das\u201d o de la llei en relaci\u00f3 amb l'acc\u00e9s i\/o utilitzaci\u00f3 de la p\u00e0gina.<\/p><p><strong>4.- Propietat Intel\u00b7lectual i Industrial.<\/strong><br \/>El lloc web, les p\u00e0gines que compr\u00e8n i la informaci\u00f3 o elements continguts en les mateixes (incloent textos, documents, fotografies, dibuixos, representacions gr\u00e0fiques, dels quals \u00e9s titular o dels quals siguin titulars tercers que autoritzen el propietari a la seva utilitzaci\u00f3,entre altres), aix\u00ed com logotips, marques, noms comercials o altres signes distintius, es troben protegits per drets de propietat intel\u00b7lectual i\/o industrial, dels quals Improven Consulting, S.L. \u00e9s titular o ostenta autoritzaci\u00f3 per a la seva utilitzaci\u00f3 i comunicaci\u00f3 p\u00fablica dels leg\u00edtims<br \/>titulars d'aquestes.<\/p><p>L'Usuari s'obliga a usar els continguts de manera diligent i correcta, d'acord a la llei, la moral i l'ordre p\u00fablic. Improven Consulting, S.L. autoritza l'Usuari per a visualitzar la informaci\u00f3 que es cont\u00e9 en aquest lloc web, aix\u00ed com per a efectuar reproduccions privades (simple activitat de desc\u00e0rrega i emmagatzematge en els seus sistemes inform\u00e0tics), sempre que els elements siguin destinats \u00fanicament a l'\u00fas personal. En cap cas, aix\u00f2 significar\u00e0 una autoritzaci\u00f3 o llic\u00e8ncia sobre els drets de propietat de Improven Consulting, S.L. o dels leg\u00edtims titulars d'aquestes.<\/p><p>L'Usuari no est\u00e0 autoritzat per a procedir a la distribuci\u00f3, modificaci\u00f3, cessi\u00f3 o comunicaci\u00f3 p\u00fablica de la informaci\u00f3 continguda en aquesta Web en qualsevol forma i qualsevol que sigui la seva finalitat.<\/p><p><strong>5.- Enlla\u00e7os.<\/strong><br \/>Les connexions i enlla\u00e7os a llocs o p\u00e0gines Web de tercers s'han establert \u00fanicament com una utilitat per a l'Usuari. Improven Consulting, S.L. no \u00e9s, en cap cas, responsable de les mateixes o del seu contingut.<\/p><p>Improven Consulting, S.L. no assumeix cap responsabilitat La derivada de l'exist\u00e8ncia  d'enlla\u00e7os entre els continguts d'aquest lloc i continguts situats fora del mateix o de qualsevol altre esment de continguts externs a aquest lloc. Tals enlla\u00e7os o esments tenen una finalitat exclusivament informativa i, en cap cas, impliquen el suport, aprovaci\u00f3, comercialitzaci\u00f3 o cap relaci\u00f3 entre Improven Consulting, S.L. i les persones o entitats autores i\/o gestores de tals continguts o titulars dels llocs on es trobin.<\/p><p>Per a realitzar enlla\u00e7os amb la p\u00e0gina Web ser\u00e0 necess\u00e0ria l'autoritzaci\u00f3 expressa i per escrit dels titulars del portal.<\/p><p><strong>6.- Responsabilitat.<\/strong><br \/>Improven Consulting, S.L. no garanteix l'acc\u00e9s continuat, ni la correcta visualitzaci\u00f3, desc\u00e0rrega o utilitat dels elements i informaci\u00f3 continguts en les p\u00e0gines del portal que poden veure's impedits, dificultats o interromputs per factors o circumst\u00e0ncies fora del seu control o alienes a la seva voluntat, ni d'aquells que siguin produ\u00efts per l'exist\u00e8ncia de virus inform\u00e0tics en Internet.<\/p><p>Improven Consulting, S.L. no assumeix cap responsabilitat per danys, perjudicis, p\u00e8rdues, reclamacions o despeses, produ\u00efts per:<\/p><p>(i) Interfer\u00e8ncies, interrupcions, fallades, omissions, retards, bloquejos o desconnexions, motivades per errors en les l\u00ednies i xarxes de telecomunicacions o per qualsevol altra causa aliena al control  de Improven Consulting, S.L.;<br \/>(ii) Intromissions il\u00b7leg\u00edtimes mitjan\u00e7ant l'\u00fas de programes malignes de qualsevol tipus i a trav\u00e9s de qualsevol mitj\u00e0 de comunicaci\u00f3, com ara virus inform\u00e0tics o qualssevol altres;<br \/>(iii) \u00das indegut o inadequat de la p\u00e0gina web de Improven Consulting, S.L.;<br \/>(iv) Errors de seguretat o navegaci\u00f3 produ\u00efts per un mal funcionament del navegador o per l'\u00fas de versions no actualitzades.<\/p><p>Improven Consulting, S.L. no \u00e9s responsable ni en cap cas respondr\u00e0 enfront dels  usuaris i a tercers sobre actes de qualsevol tercer ali\u00e8 a Improven Consulting, S.L. que comporti o pugui suposar la realitzaci\u00f3 d'actes de compet\u00e8ncia deslleial i publicitat il\u00b7l\u00edcita o la infracci\u00f3 dels drets de propietat intel\u00b7lectual i industrial, dels secrets empresarials, de compromisos contractuals de qualsevol classe, dels drets a l'honor, a la intimitat personal i familiar i a la imatge, dels drets de propietat i de tota una altra naturalesa pertanyents a un tercer per ra\u00f3 de la transmissi\u00f3, difusi\u00f3, emmagatzematge, posada a disposici\u00f3, recepci\u00f3, obtenci\u00f3 o acc\u00e9s als continguts.<\/p><p><strong>7.- Protecci\u00f3 de Dades de Car\u00e0cter Personal.<\/strong><br \/>Tota la pol\u00edtica de tractament de dades personals la trobar\u00e0 en la Pol\u00edtica de Privacitat, que forma part integrant d'aquestes Condicions Generals per\u00f2 que, per simplicitat, hem col\u00b7locat en un document a part:\u00a0<a href=\"https:\/\/improven.com\/cat\/politica-de-privacidad\/\">Pol\u00edtica de Privacidad.<\/a><\/p><p><strong>8.- Legislaci\u00f3.<\/strong><br \/>El present Av\u00eds Legal i els seus termes i condicions es regiran i interpretaran d'acord  amb la Legislaci\u00f3 Espanyola. L'usuari, pel solo fet d'accedir a la p\u00e0gina web o obtenir la condici\u00f3 d'usuari registrat atorga, de manera irrevocable, el seu consentiment al fet que els Tribunals competents per defecte puguin con\u00e8ixer de qualsevol acci\u00f3 judicial derivada d'o relacionada amb les presents condicions, o amb el seu \u00fas d'aquest Lloc o la navegaci\u00f3 realitzada pel mateix.<\/p><p>Si alguna cl\u00e0usula o apartat de les presents Condicions Generals, que no sigui de naturalesa essencial per a l'exist\u00e8ncia d'aquest, \u00e9s declarada nul\u00b7la o inaplicable, la validesa de les restants cl\u00e0usules no es veur\u00e0 afectada.<\/p><\/div>\t\t\t\t\t\t<\/div>\n\t\t\t\t<\/div>\n\t\t\t\t\t<\/div>\n\t\t\t\t<\/div>\n\t\t\t\t\t\t\t<\/div>","protected":false},"excerpt":{"rendered":"<p>\u00a0 Le agradecemos que haya decidido visitarnos. Queremos que su experiencia en nuestra Web sea lo mejor posible. El acceso y la navegaci\u00f3n en el sitio web, o el uso de los servicios del mismo,\u00a0implican la aceptaci\u00f3n expresa e \u00edntegra de todas y cada una de las presentes\u00a0Condiciones Generales, incluidas tanto las Condiciones Particulares fijadas [&hellip;]<\/p>","protected":false},"author":1,"featured_media":0,"parent":0,"menu_order":0,"comment_status":"closed","ping_status":"closed","template":"","meta":{"_acf_changed":false,"footnotes":""},"class_list":["post-3010","page","type-page","status-publish","hentry"],"acf":[],"yoast_head":"<!-- This site is optimized with the Yoast SEO plugin v21.2 - https:\/\/yoast.com\/wordpress\/plugins\/seo\/ -->\n<title>Aviso legal | Improven<\/title>\n<meta name=\"description\" content=\"Aviso legal de la web de Improven\" \/>\n<meta name=\"robots\" content=\"noindex, nofollow\" \/>\n<meta property=\"og:locale\" content=\"ca_ES\" \/>\n<meta property=\"og:type\" content=\"article\" \/>\n<meta property=\"og:title\" content=\"Aviso legal | Improven\" \/>\n<meta property=\"og:description\" content=\"Aviso legal de la web de Improven\" \/>\n<meta property=\"og:url\" content=\"https:\/\/improven.com\/cat\/avis-legal\/\" \/>\n<meta property=\"og:site_name\" content=\"Improven\" \/>\n<meta property=\"article:modified_time\" content=\"2025-02-24T12:35:53+00:00\" \/>\n<meta property=\"og:image\" content=\"https:\/\/improven.com\/wp-content\/uploads\/2023\/11\/Imporven.png\" \/>\n\t<meta property=\"og:image:width\" content=\"840\" \/>\n\t<meta property=\"og:image:height\" content=\"480\" \/>\n\t<meta property=\"og:image:type\" content=\"image\/png\" \/>\n<meta name=\"twitter:card\" content=\"summary_large_image\" \/>\n<meta name=\"twitter:label1\" content=\"Temps estimat de lectura\" \/>\n\t<meta name=\"twitter:data1\" content=\"7 minuts\" \/>\n<script type=\"application\/ld+json\" class=\"yoast-schema-graph\">{\"@context\":\"https:\/\/schema.org\",\"@graph\":[{\"@type\":\"WebPage\",\"@id\":\"https:\/\/improven.com\/cat\/avis-legal\/\",\"url\":\"https:\/\/improven.com\/cat\/avis-legal\/\",\"name\":\"Aviso legal | Improven\",\"isPartOf\":{\"@id\":\"https:\/\/improven.com\/cat\/#website\"},\"datePublished\":\"2023-09-27T09:47:20+00:00\",\"dateModified\":\"2025-02-24T12:35:53+00:00\",\"description\":\"Aviso legal de la web de Improven\",\"inLanguage\":\"ca\",\"potentialAction\":[{\"@type\":\"ReadAction\",\"target\":[\"https:\/\/improven.com\/cat\/avis-legal\/\"]}]},{\"@type\":\"WebSite\",\"@id\":\"https:\/\/improven.com\/cat\/#website\",\"url\":\"https:\/\/improven.com\/cat\/\",\"name\":\"Improven\",\"description\":\"\",\"potentialAction\":[{\"@type\":\"SearchAction\",\"target\":{\"@type\":\"EntryPoint\",\"urlTemplate\":\"https:\/\/improven.com\/cat\/?s={search_term_string}\"},\"query-input\":\"required name=search_term_string\"}],\"inLanguage\":\"ca\"}]}<\/script>\n<!-- \/ Yoast SEO plugin. -->","yoast_head_json":{"title":"Aviso legal | Improven","description":"Aviso legal de la web de Improven","robots":{"index":"noindex","follow":"nofollow"},"og_locale":"ca_ES","og_type":"article","og_title":"Aviso legal | Improven","og_description":"Aviso legal de la web de Improven","og_url":"https:\/\/improven.com\/cat\/avis-legal\/","og_site_name":"Improven","article_modified_time":"2025-02-24T12:35:53+00:00","og_image":[{"width":840,"height":480,"url":"https:\/\/improven.com\/wp-content\/uploads\/2023\/11\/Imporven.png","type":"image\/png"}],"twitter_card":"summary_large_image","twitter_misc":{"Temps estimat de lectura":"7 minuts"},"schema":{"@context":"https:\/\/schema.org","@graph":[{"@type":"WebPage","@id":"https:\/\/improven.com\/cat\/avis-legal\/","url":"https:\/\/improven.com\/cat\/avis-legal\/","name":"Aviso legal | Improven","isPartOf":{"@id":"https:\/\/improven.com\/cat\/#website"},"datePublished":"2023-09-27T09:47:20+00:00","dateModified":"2025-02-24T12:35:53+00:00","description":"Aviso legal de la web de Improven","inLanguage":"ca","potentialAction":[{"@type":"ReadAction","target":["https:\/\/improven.com\/cat\/avis-legal\/"]}]},{"@type":"WebSite","@id":"https:\/\/improven.com\/cat\/#website","url":"https:\/\/improven.com\/cat\/","name":"Improven","description":"","potentialAction":[{"@type":"SearchAction","target":{"@type":"EntryPoint","urlTemplate":"https:\/\/improven.com\/cat\/?s={search_term_string}"},"query-input":"required name=search_term_string"}],"inLanguage":"ca"}]}},"_links":{"self":[{"href":"https:\/\/improven.com\/cat\/wp-json\/wp\/v2\/pages\/3010","targetHints":{"allow":["GET"]}}],"collection":[{"href":"https:\/\/improven.com\/cat\/wp-json\/wp\/v2\/pages"}],"about":[{"href":"https:\/\/improven.com\/cat\/wp-json\/wp\/v2\/types\/page"}],"author":[{"embeddable":true,"href":"https:\/\/improven.com\/cat\/wp-json\/wp\/v2\/users\/1"}],"replies":[{"embeddable":true,"href":"https:\/\/improven.com\/cat\/wp-json\/wp\/v2\/comments?post=3010"}],"version-history":[{"count":0,"href":"https:\/\/improven.com\/cat\/wp-json\/wp\/v2\/pages\/3010\/revisions"}],"wp:attachment":[{"href":"https:\/\/improven.com\/cat\/wp-json\/wp\/v2\/media?parent=3010"}],"curies":[{"name":"wp","href":"https:\/\/api.w.org\/{rel}","templated":true}]}}