{"id":2892,"date":"2023-09-25T10:18:13","date_gmt":"2023-09-25T10:18:13","guid":{"rendered":"https:\/\/23web26.esedigital-dev.ovh\/?page_id=2892"},"modified":"2025-07-15T07:38:05","modified_gmt":"2025-07-15T07:38:05","slug":"contacto","status":"publish","type":"page","link":"https:\/\/improven.com\/cat\/contacte\/","title":{"rendered":"Contacte"},"content":{"rendered":"<div data-elementor-type=\"wp-page\" data-elementor-id=\"2892\" class=\"elementor elementor-2892\" data-elementor-post-type=\"page\">\n\t\t\t\t\t\t\t<div class=\"elementor-element elementor-element-678f868 elementor-hidden-tablet elementor-hidden-mobile e-flex e-con-boxed elementor-invisible e-con e-parent\" data-id=\"678f868\" data-element_type=\"container\" id=\"desktop\" data-settings=\"{&quot;background_background&quot;:&quot;video&quot;,&quot;background_video_link&quot;:&quot;\\\/wp-content\\\/uploads\\\/2023\\\/08\\\/new-video-banner.mp4&quot;,&quot;animation&quot;:&quot;fadeIn&quot;,&quot;content_width&quot;:&quot;boxed&quot;}\" data-core-v316-plus=\"true\">\n\t\t\t\t\t<div class=\"e-con-inner\">\n\t\t<div class=\"elementor-background-video-container elementor-hidden-phone\">\n\t\t\t\t\t\t\t<video class=\"elementor-background-video-hosted elementor-html5-video\" autoplay muted playsinline loop><\/video>\n\t\t\t\t\t<\/div><div class=\"elementor-element elementor-element-fdf8c5b e-con-full e-flex elementor-invisible e-con e-child\" data-id=\"fdf8c5b\" data-element_type=\"container\" data-settings=\"{&quot;content_width&quot;:&quot;full&quot;,&quot;animation&quot;:&quot;fadeIn&quot;,&quot;animation_delay&quot;:600}\">\n\t\t\t\t<div class=\"elementor-element elementor-element-e04e9ef elementor-widget__width-initial animated-slow elementor-invisible elementor-widget elementor-widget-html\" data-id=\"e04e9ef\" data-element_type=\"widget\" data-settings=\"{&quot;_animation&quot;:&quot;fadeIn&quot;,&quot;_animation_delay&quot;:100}\" data-widget_type=\"html.default\">\n\t\t\t\t<div class=\"elementor-widget-container\">\n\t\t\t<div class=\"text-container\">\n        <h1 class=\"animated-text fade-up\">Contacte<\/h1>\n    <\/div>\n    \n\t\t<\/div>\n\t\t\t\t<\/div>\n\t\t\t\t<div class=\"elementor-element elementor-element-d39cf9d elementor-icon-list--layout-traditional elementor-list-item-link-full_width elementor-invisible elementor-widget elementor-widget-icon-list\" data-id=\"d39cf9d\" data-element_type=\"widget\" data-settings=\"{&quot;_animation&quot;:&quot;fadeIn&quot;,&quot;_animation_delay&quot;:600}\" data-widget_type=\"icon-list.default\">\n\t\t\t\t<div class=\"elementor-widget-container\">\n\t\t\t<link rel=\"stylesheet\" href=\"https:\/\/improven.com\/wp-content\/uploads\/elementor\/css\/custom-widget-icon-list.min.css?ver=1758120103\">\t\t<ul class=\"elementor-icon-list-items\">\n\t\t\t\t\t\t\t<li class=\"elementor-icon-list-item\">\n\t\t\t\t\t\t\t\t\t\t\t<a href=\"tel:900194000\">\n\n\t\t\t\t\t\t\t\t\t\t\t\t<span class=\"elementor-icon-list-icon\">\n\t\t\t\t\t\t\t<i aria-hidden=\"true\" class=\"fas fa-phone-alt\"><\/i>\t\t\t\t\t\t<\/span>\n\t\t\t\t\t\t\t\t\t\t<span class=\"elementor-icon-list-text\">900 194 000<\/span>\n\t\t\t\t\t\t\t\t\t\t\t<\/a>\n\t\t\t\t\t\t\t\t\t<\/li>\n\t\t\t\t\t\t\t\t<li class=\"elementor-icon-list-item\">\n\t\t\t\t\t\t\t\t\t\t\t<a href=\"https:\/\/maps.app.goo.gl\/bSDtfZ83CMAzazKP7\" target=\"_blank\">\n\n\t\t\t\t\t\t\t\t\t\t\t\t<span class=\"elementor-icon-list-icon\">\n\t\t\t\t\t\t\t<i aria-hidden=\"true\" class=\"fas fa-map-marker-alt\"><\/i>\t\t\t\t\t\t<\/span>\n\t\t\t\t\t\t\t\t\t\t<span class=\"elementor-icon-list-text\">Calle Mar\u00eda de Molina, 54 <br>28006 Madrid<\/span>\n\t\t\t\t\t\t\t\t\t\t\t<\/a>\n\t\t\t\t\t\t\t\t\t<\/li>\n\t\t\t\t\t\t\t\t<li class=\"elementor-icon-list-item\">\n\t\t\t\t\t\t\t\t\t\t\t<a href=\"https:\/\/maps.app.goo.gl\/PqnCi9VsdXMTARRy8\" target=\"_blank\">\n\n\t\t\t\t\t\t\t\t\t\t\t\t<span class=\"elementor-icon-list-icon\">\n\t\t\t\t\t\t\t<i aria-hidden=\"true\" class=\"fas fa-map-marker-alt\"><\/i>\t\t\t\t\t\t<\/span>\n\t\t\t\t\t\t\t\t\t\t<span class=\"elementor-icon-list-text\">Roger de Lauria, 19 - PISO 3 A <br>46002 Valencia<\/span>\n\t\t\t\t\t\t\t\t\t\t\t<\/a>\n\t\t\t\t\t\t\t\t\t<\/li>\n\t\t\t\t\t\t\t\t<li class=\"elementor-icon-list-item\">\n\t\t\t\t\t\t\t\t\t\t\t<a href=\"https:\/\/maps.app.goo.gl\/CFo4o5bkRSyaYxCk9\">\n\n\t\t\t\t\t\t\t\t\t\t\t\t<span class=\"elementor-icon-list-icon\">\n\t\t\t\t\t\t\t<i aria-hidden=\"true\" class=\"fas fa-map-marker-alt\"><\/i>\t\t\t\t\t\t<\/span>\n\t\t\t\t\t\t\t\t\t\t<span class=\"elementor-icon-list-text\">Carrer Diputaci\u00f3, 211 <br>08011 Barcelona<\/span>\n\t\t\t\t\t\t\t\t\t\t\t<\/a>\n\t\t\t\t\t\t\t\t\t<\/li>\n\t\t\t\t\t\t\t\t<li class=\"elementor-icon-list-item\">\n\t\t\t\t\t\t\t\t\t\t\t<a href=\"https:\/\/maps.app.goo.gl\/dbwmt1bPpzCSr2iP7\">\n\n\t\t\t\t\t\t\t\t\t\t\t\t<span class=\"elementor-icon-list-icon\">\n\t\t\t\t\t\t\t<i aria-hidden=\"true\" class=\"fas fa-map-marker-alt\"><\/i>\t\t\t\t\t\t<\/span>\n\t\t\t\t\t\t\t\t\t\t<span class=\"elementor-icon-list-text\">R\u00faa Progr\u00e9s 36 <br>36202 Vigo (Pontevedra)<\/span>\n\t\t\t\t\t\t\t\t\t\t\t<\/a>\n\t\t\t\t\t\t\t\t\t<\/li>\n\t\t\t\t\t\t<\/ul>\n\t\t\t\t<\/div>\n\t\t\t\t<\/div>\n\t\t\t\t<\/div>\n\t\t<div class=\"elementor-element elementor-element-d0b5dd5 e-con-full e-flex elementor-invisible e-con e-child\" data-id=\"d0b5dd5\" data-element_type=\"container\" data-settings=\"{&quot;content_width&quot;:&quot;full&quot;,&quot;animation&quot;:&quot;fadeInRight&quot;}\">\n\t\t\t\t<div class=\"elementor-element elementor-element-14e7555 elementor-widget__width-inherit form-contacto elementor-widget elementor-widget-html\" data-id=\"14e7555\" data-element_type=\"widget\" data-widget_type=\"html.default\">\n\t\t\t\t<div class=\"elementor-widget-container\">\n\t\t\t<div\ndata-form-id='571382f8-ea20-f011-998a-7c1e5276c2d1'\n\ndata-form-api-url='https:\/\/public-eur.mkt.dynamics.com\/api\/v1.0\/orgs\/ea60db89-2c28-46f6-8b35-e0d249894d4f\/landingpageforms'\n\ndata-cached-form-url='https:\/\/assets1-eur.mkt.dynamics.com\/ea60db89-2c28-46f6-8b35-e0d249894d4f\/digitalassets\/forms\/571382f8-ea20-f011-998a-7c1e5276c2d1' ><\/div>\n\n<script src = 'https:\/\/cxppusa1formui01cdnsa01-endpoint.azureedge.net\/eur\/FormLoader\/FormLoader.bundle.js' ><\/script>\n\n\n\n\t\t<\/div>\n\t\t\t\t<\/div>\n\t\t\t\t<div class=\"elementor-element elementor-element-3578638 elementor-widget elementor-widget-text-editor\" data-id=\"3578638\" data-element_type=\"widget\" data-widget_type=\"text-editor.default\">\n\t\t\t\t<div class=\"elementor-widget-container\">\n\t\t\t<style>\/*! elementor - v3.17.0 - 01-11-2023 *\/\n.elementor-widget-text-editor.elementor-drop-cap-view-stacked .elementor-drop-cap{background-color:#69727d;color:#fff}.elementor-widget-text-editor.elementor-drop-cap-view-framed .elementor-drop-cap{color:#69727d;border:3px solid;background-color:transparent}.elementor-widget-text-editor:not(.elementor-drop-cap-view-default) .elementor-drop-cap{margin-top:8px}.elementor-widget-text-editor:not(.elementor-drop-cap-view-default) .elementor-drop-cap-letter{width:1em;height:1em}.elementor-widget-text-editor .elementor-drop-cap{float:left;text-align:center;line-height:1;font-size:50px}.elementor-widget-text-editor .elementor-drop-cap-letter{display:inline-block}<\/style>\t\t\t\t<p><span style=\"color: #ffffff;\">* Si vols enviar-nos el teu CV, pots fer-ho enviant un correu a <span style=\"text-decoration: underline;\"><a style=\"color: #ffffff; text-decoration: underline;\" href=\"mailto:talento@improven.com\" target=\"_blank\" rel=\"noopener\">talento@improven.com<\/a><\/span><\/span><\/p>\t\t\t\t\t\t<\/div>\n\t\t\t\t<\/div>\n\t\t\t\t<div class=\"elementor-element elementor-element-4d8ad38 elementor-widget elementor-widget-html\" data-id=\"4d8ad38\" data-element_type=\"widget\" data-widget_type=\"html.default\">\n\t\t\t\t<div class=\"elementor-widget-container\">\n\t\t\t<script>\r\n\tlet elements = document.querySelectorAll('label[for=\"field_52Acepto la pol\u00edtica de privacidad\"]');\r\n\telements.forEach(function(item) {\r\n\t  item.innerHTML = 'Acepto la <a target=\"_blank\" href=\"https:\/\/improven.com\/politica-de-privacidad\/\">pol\u00edtica de privacidad<\/a>.';\r\n\t});\r\n<\/script>\r\n<style>\r\n\tlabel[for=\"field_52Acepto la pol\u00edtica de privacidad\"] {\r\n\t\tvertical-align: 1px;\r\n\t}\r\n\tlabel[for=\"field_52Acepto la pol\u00edtica de privacidad\"] a {\r\n\t\tcolor: #ffffff !important;\r\n\t\ttext-decoration: underline;\r\n\t}\r\n<\/style>\r\n<script>\r\n    document.addEventListener(\"DOMContentLoaded\", function () {\r\n        setTimeout(function () {\r\n            \/\/ Obtener el formulario con la clase 1021\r\n            const form = document.querySelector('#desktop form._form_1021');\r\n            if (!form) {\r\n                console.error('No se encontr\u00f3 el formulario con la clase 1021');\r\n                return;\r\n            }\r\n\r\n            \/\/ Obtener el campo email dentro del formulario\r\n            const email = form.querySelector('#email');\r\n            const submitform = form.querySelector('button[type=\"submit\"], input[type=\"submit\"]');\r\n\r\n            \/\/ Verificar si los elementos existen\r\n            if (!email || !submitform) {\r\n                console.error('No se encontr\u00f3 el campo de email o el bot\u00f3n de submit dentro del formulario 1021');\r\n                return;\r\n            }\r\n\r\n            \/\/ Deshabilitar el bot\u00f3n al inicio\r\n            submitform.disabled = true;\r\n            console.log('disabled init');\r\n\r\n            let alertaMostrada = false; \/\/ Variable para controlar el alert\r\n\r\n            \/\/ Funci\u00f3n para validar email\r\n            function validaCampos() {\r\n                console.log('Ejecutando validaci\u00f3n...');\r\n\r\n                const emailValor = email.value.trim();\r\n                console.log('Email ingresado:', emailValor);\r\n\r\n                \/\/ Validar si el email contiene '@' y '.'\r\n                if (!emailValor.includes('@') || !emailValor.includes('.')) {\r\n                    if (!alertaMostrada) {\r\n                        alert('Por favor, ingrese un correo v\u00e1lido.');\r\n                        alertaMostrada = true; \/\/ Evita mostrar m\u00faltiples alertas\r\n                    }\r\n                    email.value = \"\"; \/\/ LIMPIAR CAMPO\r\n                    submitform.disabled = true;\r\n                    console.log('disabled email incorrect (sin @ o .)');\r\n                    return;\r\n                }\r\n\r\n                \/\/ Extraer el dominio\r\n                const domain = emailValor.substring(emailValor.lastIndexOf(\"@\") + 1);\r\n                const domainClean = domain.split('.')[0].toLowerCase(); \/\/ Convertimos a min\u00fasculas\r\n\r\n                console.log('Dominio detectado:', domainClean);\r\n\r\n                \/\/ Lista de dominios no permitidos\r\n                const dominiosNoPermitidos = ['gmail', 'hotmail', 'outlook', 'yahoo'];\r\n                const warningMessageId = 'email-warning';\r\n                \r\n                \/\/ Eliminar mensaje de advertencia previo si existe\r\n                const warningMessageExistente = document.querySelector(`#${warningMessageId}`);\r\n                if (warningMessageExistente) {\r\n                    warningMessageExistente.remove();\r\n                }\r\n                \r\n                if (dominiosNoPermitidos.includes(domainClean)) {\r\n                    const aviso = document.querySelector('#desktop form ._x48736711');\r\n                \r\n                    if (aviso) {\r\n                        const warningMessage = document.createElement('div');\r\n                        warningMessage.id = warningMessageId;\r\n                        warningMessage.textContent = 'Solo se permiten correos electr\u00f3nicos corporativos, no se admiten emails de Gmail, Outlook, Yahoo o Hotmail';\r\n                        warningMessage.style.color = 'red';  \/\/ Opcional, para destacar el mensaje\r\n                \r\n                        aviso.appendChild(warningMessage);  \/\/ Agrega el mensaje al formulario\r\n                    }\r\n                \r\n                    submitform.disabled = true;\r\n                    console.log('disabled email incorrect (dominio no permitido)');\r\n                } else {\r\n                    submitform.disabled = false;\r\n                    console.log('enabled (dominio permitido)');\r\n                    alertaMostrada = false; \/\/ Restablecemos la variable si el email es correcto\r\n                \r\n                    \/\/ Eliminar el mensaje de advertencia si el dominio es permitido\r\n                    const warningMessageExistente = document.querySelector(`#${warningMessageId}`);\r\n                    if (warningMessageExistente) {\r\n                        warningMessageExistente.remove();\r\n                    }\r\n                }\r\n            }\r\n\r\n            \/\/ Escuchar evento blur y verificar solo una vez en input\r\n            email.addEventListener('blur', validaCampos);\r\n            email.addEventListener('input', () => {\r\n                alertaMostrada = false; \/\/ Restablecer el control de alertas al escribir\r\n            });\r\n\r\n        }, 4000);\r\n    });\r\n<\/script>\r\n\r\n\r\n\t\t<\/div>\n\t\t\t\t<\/div>\n\t\t\t\t<\/div>\n\t\t\t\t\t<\/div>\n\t\t\t\t<\/div>\n\t\t<div class=\"elementor-element elementor-element-bd5772f elementor-hidden-desktop elementor-hidden-laptop e-flex e-con-boxed e-con e-parent\" data-id=\"bd5772f\" data-element_type=\"container\" id=\"portada-iv256\" data-settings=\"{&quot;background_background&quot;:&quot;video&quot;,&quot;background_video_link&quot;:&quot;\\\/wp-content\\\/uploads\\\/2023\\\/08\\\/new-video-banner.mp4&quot;,&quot;content_width&quot;:&quot;boxed&quot;}\" data-core-v316-plus=\"true\">\n\t\t\t\t\t<div class=\"e-con-inner\">\n\t\t<div class=\"elementor-background-video-container elementor-hidden-phone\">\n\t\t\t\t\t\t\t<video class=\"elementor-background-video-hosted elementor-html5-video\" autoplay muted playsinline loop><\/video>\n\t\t\t\t\t<\/div><div class=\"elementor-element elementor-element-87c6da3 e-con-full e-flex e-con e-child\" data-id=\"87c6da3\" data-element_type=\"container\" data-settings=\"{&quot;content_width&quot;:&quot;full&quot;}\">\n\t\t\t\t<div class=\"elementor-element elementor-element-09aa9d6 elementor-widget__width-initial animated-slow elementor-invisible elementor-widget elementor-widget-html\" data-id=\"09aa9d6\" data-element_type=\"widget\" data-settings=\"{&quot;_animation&quot;:&quot;fadeIn&quot;,&quot;_animation_delay&quot;:100}\" data-widget_type=\"html.default\">\n\t\t\t\t<div class=\"elementor-widget-container\">\n\t\t\t<div class=\"text-container\">\n        <h1 class=\"fade-up\">Contacte <\/h1>\n    <\/div>\n    \n\t\t<\/div>\n\t\t\t\t<\/div>\n\t\t\t\t<div class=\"elementor-element elementor-element-691ad67 elementor-icon-list--layout-traditional elementor-list-item-link-full_width elementor-widget elementor-widget-icon-list\" data-id=\"691ad67\" data-element_type=\"widget\" data-widget_type=\"icon-list.default\">\n\t\t\t\t<div class=\"elementor-widget-container\">\n\t\t\t\t\t<ul class=\"elementor-icon-list-items\">\n\t\t\t\t\t\t\t<li class=\"elementor-icon-list-item\">\n\t\t\t\t\t\t\t\t\t\t\t<a href=\"tel:900194000\">\n\n\t\t\t\t\t\t\t\t\t\t\t\t<span class=\"elementor-icon-list-icon\">\n\t\t\t\t\t\t\t<i aria-hidden=\"true\" class=\"fas fa-phone-alt\"><\/i>\t\t\t\t\t\t<\/span>\n\t\t\t\t\t\t\t\t\t\t<span class=\"elementor-icon-list-text\">900 194 000<\/span>\n\t\t\t\t\t\t\t\t\t\t\t<\/a>\n\t\t\t\t\t\t\t\t\t<\/li>\n\t\t\t\t\t\t\t\t<li class=\"elementor-icon-list-item\">\n\t\t\t\t\t\t\t\t\t\t\t<span class=\"elementor-icon-list-icon\">\n\t\t\t\t\t\t\t<i aria-hidden=\"true\" class=\"fas fa-map-marker-alt\"><\/i>\t\t\t\t\t\t<\/span>\n\t\t\t\t\t\t\t\t\t\t<span class=\"elementor-icon-list-text\">Carrer Mar\u00eda de Molina 54 <br>28006 Madrid<\/span>\n\t\t\t\t\t\t\t\t\t<\/li>\n\t\t\t\t\t\t\t\t<li class=\"elementor-icon-list-item\">\n\t\t\t\t\t\t\t\t\t\t\t<span class=\"elementor-icon-list-icon\">\n\t\t\t\t\t\t\t<i aria-hidden=\"true\" class=\"fas fa-map-marker-alt\"><\/i>\t\t\t\t\t\t<\/span>\n\t\t\t\t\t\t\t\t\t\t<span class=\"elementor-icon-list-text\">Roger de Lauria, 19 - PISO 3 A <br>46002 Valencia<\/span>\n\t\t\t\t\t\t\t\t\t<\/li>\n\t\t\t\t\t\t\t\t<li class=\"elementor-icon-list-item\">\n\t\t\t\t\t\t\t\t\t\t\t<span class=\"elementor-icon-list-icon\">\n\t\t\t\t\t\t\t<i aria-hidden=\"true\" class=\"fas fa-map-marker-alt\"><\/i>\t\t\t\t\t\t<\/span>\n\t\t\t\t\t\t\t\t\t\t<span class=\"elementor-icon-list-text\">Carrer Diputaci\u00f3, 211 <br>08011 Barcelona<\/span>\n\t\t\t\t\t\t\t\t\t<\/li>\n\t\t\t\t\t\t\t\t<li class=\"elementor-icon-list-item\">\n\t\t\t\t\t\t\t\t\t\t\t<span class=\"elementor-icon-list-icon\">\n\t\t\t\t\t\t\t<i aria-hidden=\"true\" class=\"fas fa-map-marker-alt\"><\/i>\t\t\t\t\t\t<\/span>\n\t\t\t\t\t\t\t\t\t\t<span class=\"elementor-icon-list-text\">R\u00faa Progr\u00e9s 36 <br>36202 Vigo (Pontevedra)<\/span>\n\t\t\t\t\t\t\t\t\t<\/li>\n\t\t\t\t\t\t<\/ul>\n\t\t\t\t<\/div>\n\t\t\t\t<\/div>\n\t\t\t\t<\/div>\n\t\t<div class=\"elementor-element elementor-element-0835d88 e-con-full e-flex elementor-invisible e-con e-child\" data-id=\"0835d88\" data-element_type=\"container\" data-settings=\"{&quot;content_width&quot;:&quot;full&quot;,&quot;background_background&quot;:&quot;classic&quot;,&quot;animation&quot;:&quot;fadeInRight&quot;}\">\n\t\t\t\t<div class=\"elementor-element elementor-element-7d0dc33 elementor-widget elementor-widget-html\" data-id=\"7d0dc33\" data-element_type=\"widget\" data-widget_type=\"html.default\">\n\t\t\t\t<div class=\"elementor-widget-container\">\n\t\t\t<div\ndata-form-id='571382f8-ea20-f011-998a-7c1e5276c2d1'\n\ndata-form-api-url='https:\/\/public-eur.mkt.dynamics.com\/api\/v1.0\/orgs\/ea60db89-2c28-46f6-8b35-e0d249894d4f\/landingpageforms'\n\ndata-cached-form-url='https:\/\/assets1-eur.mkt.dynamics.com\/ea60db89-2c28-46f6-8b35-e0d249894d4f\/digitalassets\/forms\/571382f8-ea20-f011-998a-7c1e5276c2d1' ><\/div>\n\n<script src = 'https:\/\/cxppusa1formui01cdnsa01-endpoint.azureedge.net\/eur\/FormLoader\/FormLoader.bundle.js' ><\/script>\n\n\n\n\t\t<\/div>\n\t\t\t\t<\/div>\n\t\t\t\t<\/div>\n\t\t\t\t\t<\/div>\n\t\t\t\t<\/div>\n\t\t\t\t\t\t\t<\/div>","protected":false},"excerpt":{"rendered":"<p>Contacto 900 194 000 Calle Mar\u00eda de Molina, 54 28006 Madrid Roger de Lauria, 19 &#8211; PISO 3 A 46002 Valencia Calle Diputaci\u00f3, 211 08011 Barcelona R\u00faa Progreso 36 36202 Vigo (Pontevedra) * Si quieres enviarnos tu CV, puedes hacerlo mandando un correo a talento@improven.com Contacto 900 194 000 Calle Mar\u00eda de Molina 54 28006 [&hellip;]<\/p>","protected":false},"author":1,"featured_media":0,"parent":0,"menu_order":0,"comment_status":"closed","ping_status":"closed","template":"","meta":{"_acf_changed":false,"footnotes":""},"class_list":["post-2892","page","type-page","status-publish","hentry"],"acf":[],"yoast_head":"<!-- This site is optimized with the Yoast SEO plugin v21.2 - https:\/\/yoast.com\/wordpress\/plugins\/seo\/ -->\n<title>Contacta con tu consultora estrat\u00e9gica de empresas | Improven<\/title>\n<meta name=\"description\" content=\"Contacta con tu consultora estrat\u00e9gica de empresas. En Imporven te acompa\u00f1amos en tu crecimiento empresarial.\" \/>\n<meta name=\"robots\" content=\"index, follow, max-snippet:-1, max-image-preview:large, max-video-preview:-1\" \/>\n<link rel=\"canonical\" href=\"https:\/\/improven.com\/cat\/contacte\/\" \/>\n<meta property=\"og:locale\" content=\"ca_ES\" \/>\n<meta property=\"og:type\" content=\"article\" \/>\n<meta property=\"og:title\" content=\"Contacta con tu consultora estrat\u00e9gica de empresas | Improven\" \/>\n<meta property=\"og:description\" content=\"Contacta con tu consultora estrat\u00e9gica de empresas. En Imporven te acompa\u00f1amos en tu crecimiento empresarial.\" \/>\n<meta property=\"og:url\" content=\"https:\/\/improven.com\/cat\/contacte\/\" \/>\n<meta property=\"og:site_name\" content=\"Improven\" \/>\n<meta property=\"article:modified_time\" content=\"2025-07-15T07:38:05+00:00\" \/>\n<meta property=\"og:image\" content=\"https:\/\/improven.com\/wp-content\/uploads\/2023\/11\/Imporven.png\" \/>\n\t<meta property=\"og:image:width\" content=\"840\" \/>\n\t<meta property=\"og:image:height\" content=\"480\" \/>\n\t<meta property=\"og:image:type\" content=\"image\/png\" \/>\n<meta name=\"twitter:card\" content=\"summary_large_image\" \/>\n<meta name=\"twitter:label1\" content=\"Temps estimat de lectura\" \/>\n\t<meta name=\"twitter:data1\" content=\"1 minut\" \/>\n<script type=\"application\/ld+json\" class=\"yoast-schema-graph\">{\"@context\":\"https:\/\/schema.org\",\"@graph\":[{\"@type\":\"WebPage\",\"@id\":\"https:\/\/improven.com\/cat\/contacte\/\",\"url\":\"https:\/\/improven.com\/cat\/contacte\/\",\"name\":\"Contacta con tu consultora estrat\u00e9gica de empresas | Improven\",\"isPartOf\":{\"@id\":\"https:\/\/improven.com\/cat\/#website\"},\"datePublished\":\"2023-09-25T10:18:13+00:00\",\"dateModified\":\"2025-07-15T07:38:05+00:00\",\"description\":\"Contacta con tu consultora estrat\u00e9gica de empresas. En Imporven te acompa\u00f1amos en tu crecimiento empresarial.\",\"inLanguage\":\"ca\",\"potentialAction\":[{\"@type\":\"ReadAction\",\"target\":[\"https:\/\/improven.com\/cat\/contacte\/\"]}]},{\"@type\":\"WebSite\",\"@id\":\"https:\/\/improven.com\/cat\/#website\",\"url\":\"https:\/\/improven.com\/cat\/\",\"name\":\"Improven\",\"description\":\"\",\"potentialAction\":[{\"@type\":\"SearchAction\",\"target\":{\"@type\":\"EntryPoint\",\"urlTemplate\":\"https:\/\/improven.com\/cat\/?s={search_term_string}\"},\"query-input\":\"required name=search_term_string\"}],\"inLanguage\":\"ca\"}]}<\/script>\n<!-- \/ Yoast SEO plugin. -->","yoast_head_json":{"title":"Contacta con tu consultora estrat\u00e9gica de empresas | Improven","description":"Contacta con tu consultora estrat\u00e9gica de empresas. En Imporven te acompa\u00f1amos en tu crecimiento empresarial.","robots":{"index":"index","follow":"follow","max-snippet":"max-snippet:-1","max-image-preview":"max-image-preview:large","max-video-preview":"max-video-preview:-1"},"canonical":"https:\/\/improven.com\/cat\/contacte\/","og_locale":"ca_ES","og_type":"article","og_title":"Contacta con tu consultora estrat\u00e9gica de empresas | Improven","og_description":"Contacta con tu consultora estrat\u00e9gica de empresas. En Imporven te acompa\u00f1amos en tu crecimiento empresarial.","og_url":"https:\/\/improven.com\/cat\/contacte\/","og_site_name":"Improven","article_modified_time":"2025-07-15T07:38:05+00:00","og_image":[{"width":840,"height":480,"url":"https:\/\/improven.com\/wp-content\/uploads\/2023\/11\/Imporven.png","type":"image\/png"}],"twitter_card":"summary_large_image","twitter_misc":{"Temps estimat de lectura":"1 minut"},"schema":{"@context":"https:\/\/schema.org","@graph":[{"@type":"WebPage","@id":"https:\/\/improven.com\/cat\/contacte\/","url":"https:\/\/improven.com\/cat\/contacte\/","name":"Contacta con tu consultora estrat\u00e9gica de empresas | Improven","isPartOf":{"@id":"https:\/\/improven.com\/cat\/#website"},"datePublished":"2023-09-25T10:18:13+00:00","dateModified":"2025-07-15T07:38:05+00:00","description":"Contacta con tu consultora estrat\u00e9gica de empresas. En Imporven te acompa\u00f1amos en tu crecimiento empresarial.","inLanguage":"ca","potentialAction":[{"@type":"ReadAction","target":["https:\/\/improven.com\/cat\/contacte\/"]}]},{"@type":"WebSite","@id":"https:\/\/improven.com\/cat\/#website","url":"https:\/\/improven.com\/cat\/","name":"Improven","description":"","potentialAction":[{"@type":"SearchAction","target":{"@type":"EntryPoint","urlTemplate":"https:\/\/improven.com\/cat\/?s={search_term_string}"},"query-input":"required name=search_term_string"}],"inLanguage":"ca"}]}},"_links":{"self":[{"href":"https:\/\/improven.com\/cat\/wp-json\/wp\/v2\/pages\/2892","targetHints":{"allow":["GET"]}}],"collection":[{"href":"https:\/\/improven.com\/cat\/wp-json\/wp\/v2\/pages"}],"about":[{"href":"https:\/\/improven.com\/cat\/wp-json\/wp\/v2\/types\/page"}],"author":[{"embeddable":true,"href":"https:\/\/improven.com\/cat\/wp-json\/wp\/v2\/users\/1"}],"replies":[{"embeddable":true,"href":"https:\/\/improven.com\/cat\/wp-json\/wp\/v2\/comments?post=2892"}],"version-history":[{"count":0,"href":"https:\/\/improven.com\/cat\/wp-json\/wp\/v2\/pages\/2892\/revisions"}],"wp:attachment":[{"href":"https:\/\/improven.com\/cat\/wp-json\/wp\/v2\/media?parent=2892"}],"curies":[{"name":"wp","href":"https:\/\/api.w.org\/{rel}","templated":true}]}}