{"id":16493,"date":"2025-08-01T07:19:15","date_gmt":"2025-08-01T07:19:15","guid":{"rendered":"https:\/\/improven.com\/?page_id=16493"},"modified":"2025-08-01T07:32:30","modified_gmt":"2025-08-01T07:32:30","slug":"suscribete-newsletter","status":"publish","type":"page","link":"https:\/\/improven.com\/cat\/suscribete-newsletter\/","title":{"rendered":"Suscripci\u00f3n newsletter"},"content":{"rendered":"<div data-elementor-type=\"wp-page\" data-elementor-id=\"16493\" class=\"elementor elementor-16493\" data-elementor-post-type=\"page\">\n\t\t\t\t\t\t\t<div class=\"elementor-element elementor-element-4f58bb4 e-flex e-con-boxed e-con e-parent\" data-id=\"4f58bb4\" data-element_type=\"container\" data-settings=\"{&quot;content_width&quot;:&quot;boxed&quot;}\" data-core-v316-plus=\"true\">\n\t\t\t\t\t<div class=\"e-con-inner\">\n\t\t<div class=\"elementor-element elementor-element-9fa5aed e-con-full e-flex e-con e-child\" data-id=\"9fa5aed\" data-element_type=\"container\" data-settings=\"{&quot;content_width&quot;:&quot;full&quot;}\">\n\t\t\t\t<div class=\"elementor-element elementor-element-8c895e9 elementor-widget elementor-widget-image\" data-id=\"8c895e9\" data-element_type=\"widget\" data-widget_type=\"image.default\">\n\t\t\t\t<div class=\"elementor-widget-container\">\n\t\t\t<style>\/*! elementor - v3.17.0 - 01-11-2023 *\/\n.elementor-widget-image{text-align:center}.elementor-widget-image a{display:inline-block}.elementor-widget-image a img[src$=\".svg\"]{width:48px}.elementor-widget-image img{vertical-align:middle;display:inline-block}<\/style>\t\t\t\t\t\t\t\t\t\t\t\t<img loading=\"lazy\" decoding=\"async\" width=\"768\" height=\"768\" src=\"https:\/\/improven.com\/wp-content\/uploads\/2025\/08\/suscripcion_newsletter-1-768x768.jpg\" class=\"attachment-medium_large size-medium_large wp-image-16498\" alt=\"\" srcset=\"https:\/\/improven.com\/wp-content\/uploads\/2025\/08\/suscripcion_newsletter-1-768x768.jpg 768w, https:\/\/improven.com\/wp-content\/uploads\/2025\/08\/suscripcion_newsletter-1-300x300.jpg 300w, https:\/\/improven.com\/wp-content\/uploads\/2025\/08\/suscripcion_newsletter-1-150x150.jpg 150w, https:\/\/improven.com\/wp-content\/uploads\/2025\/08\/suscripcion_newsletter-1-12x12.jpg 12w, https:\/\/improven.com\/wp-content\/uploads\/2025\/08\/suscripcion_newsletter-1.jpg 1024w\" sizes=\"auto, (max-width: 768px) 100vw, 768px\" \/>\t\t\t\t\t\t\t\t\t\t\t\t\t\t\t<\/div>\n\t\t\t\t<\/div>\n\t\t\t\t<div class=\"elementor-element elementor-element-3668b5d elementor-widget elementor-widget-text-editor\" data-id=\"3668b5d\" data-element_type=\"widget\" data-widget_type=\"text-editor.default\">\n\t\t\t\t<div class=\"elementor-widget-container\">\n\t\t\t<style>\/*! elementor - v3.17.0 - 01-11-2023 *\/\n.elementor-widget-text-editor.elementor-drop-cap-view-stacked .elementor-drop-cap{background-color:#69727d;color:#fff}.elementor-widget-text-editor.elementor-drop-cap-view-framed .elementor-drop-cap{color:#69727d;border:3px solid;background-color:transparent}.elementor-widget-text-editor:not(.elementor-drop-cap-view-default) .elementor-drop-cap{margin-top:8px}.elementor-widget-text-editor:not(.elementor-drop-cap-view-default) .elementor-drop-cap-letter{width:1em;height:1em}.elementor-widget-text-editor .elementor-drop-cap{float:left;text-align:center;line-height:1;font-size:50px}.elementor-widget-text-editor .elementor-drop-cap-letter{display:inline-block}<\/style>\t\t\t\t<h2>El email que los l\u00edderes s\u00ed leen<\/h2><div><p>Cada mes, compartimos con nuestra comunidad los insights m\u00e1s relevantes sobre agilidad, estrategia y cultura empresarial. Contenido de valor para que tomes mejores decisiones, impulses a tu equipo y te anticipes a los retos del ma\u00f1ana.<\/p><\/div>\t\t\t\t\t\t<\/div>\n\t\t\t\t<\/div>\n\t\t\t\t<\/div>\n\t\t<div class=\"elementor-element elementor-element-1b99299 e-con-full e-flex e-con e-child\" data-id=\"1b99299\" data-element_type=\"container\" data-settings=\"{&quot;content_width&quot;:&quot;full&quot;}\">\n\t\t\t\t<div class=\"elementor-element elementor-element-a6457ba form-descarga elementor-widget elementor-widget-html\" data-id=\"a6457ba\" data-element_type=\"widget\" data-widget_type=\"html.default\">\n\t\t\t\t<div class=\"elementor-widget-container\">\n\t\t\t<div data-form-id=\"d76ed5c9-080f-f011-998a-0022489c1728\" data-form-api-url=\"https:\/\/public-eur.mkt.dynamics.com\/api\/v1.0\/orgs\/ea60db89-2c28-46f6-8b35-e0d249894d4f\/landingpageforms\" data-cached-form-url=\"https:\/\/assets1-eur.mkt.dynamics.com\/ea60db89-2c28-46f6-8b35-e0d249894d4f\/digitalassets\/forms\/d76ed5c9-080f-f011-998a-0022489c1728\"><div class=\"formLoader\"><\/div><\/div>\n\n<script src=\"https:\/\/cxppusa1formui01cdnsa01-endpoint.azureedge.net\/eur\/FormLoader\/FormLoader.bundle.js\"><\/script>\t\t<\/div>\n\t\t\t\t<\/div>\n\t\t\t\t<\/div>\n\t\t\t\t\t<\/div>\n\t\t\t\t<\/div>\n\t\t\t\t\t\t\t<\/div>","protected":false},"excerpt":{"rendered":"<p>El email que los l\u00edderes s\u00ed leen Cada mes, compartimos con nuestra comunidad los insights m\u00e1s relevantes sobre agilidad, estrategia y cultura empresarial. Contenido de valor para que tomes mejores decisiones, impulses a tu equipo y te anticipes a los retos del ma\u00f1ana.<\/p>","protected":false},"author":45,"featured_media":0,"parent":0,"menu_order":0,"comment_status":"closed","ping_status":"closed","template":"","meta":{"_acf_changed":false,"footnotes":""},"class_list":["post-16493","page","type-page","status-publish","hentry"],"acf":[],"yoast_head":"<!-- This site is optimized with the Yoast SEO plugin v21.2 - https:\/\/yoast.com\/wordpress\/plugins\/seo\/ -->\n<title>Suscripci\u00f3n newsletter - Improven<\/title>\n<meta name=\"robots\" content=\"index, follow, max-snippet:-1, max-image-preview:large, max-video-preview:-1\" \/>\n<link rel=\"canonical\" href=\"https:\/\/improven.com\/cat\/suscribete-newsletter\/\" \/>\n<meta property=\"og:locale\" content=\"ca_ES\" \/>\n<meta property=\"og:type\" content=\"article\" \/>\n<meta property=\"og:title\" content=\"Suscripci\u00f3n newsletter - Improven\" \/>\n<meta property=\"og:description\" content=\"El email que los l\u00edderes s\u00ed leen Cada mes, compartimos con nuestra comunidad los insights m\u00e1s relevantes sobre agilidad, estrategia y cultura empresarial. Contenido de valor para que tomes mejores decisiones, impulses a tu equipo y te anticipes a los retos del ma\u00f1ana.\" \/>\n<meta property=\"og:url\" content=\"https:\/\/improven.com\/cat\/suscribete-newsletter\/\" \/>\n<meta property=\"og:site_name\" content=\"Improven\" \/>\n<meta property=\"article:modified_time\" content=\"2025-08-01T07:32:30+00:00\" \/>\n<meta property=\"og:image\" content=\"https:\/\/improven.com\/wp-content\/uploads\/2025\/08\/suscripcion_newsletter-1-768x768.jpg\" \/>\n<meta name=\"twitter:card\" content=\"summary_large_image\" \/>\n<meta name=\"twitter:label1\" content=\"Temps estimat de lectura\" \/>\n\t<meta name=\"twitter:data1\" content=\"1 minut\" \/>\n<script type=\"application\/ld+json\" class=\"yoast-schema-graph\">{\"@context\":\"https:\/\/schema.org\",\"@graph\":[{\"@type\":\"WebPage\",\"@id\":\"https:\/\/improven.com\/cat\/suscribete-newsletter\/\",\"url\":\"https:\/\/improven.com\/cat\/suscribete-newsletter\/\",\"name\":\"Suscripci\u00f3n newsletter - Improven\",\"isPartOf\":{\"@id\":\"https:\/\/improven.com\/cat\/#website\"},\"datePublished\":\"2025-08-01T07:19:15+00:00\",\"dateModified\":\"2025-08-01T07:32:30+00:00\",\"inLanguage\":\"ca\",\"potentialAction\":[{\"@type\":\"ReadAction\",\"target\":[\"https:\/\/improven.com\/cat\/suscribete-newsletter\/\"]}]},{\"@type\":\"WebSite\",\"@id\":\"https:\/\/improven.com\/cat\/#website\",\"url\":\"https:\/\/improven.com\/cat\/\",\"name\":\"Improven\",\"description\":\"\",\"potentialAction\":[{\"@type\":\"SearchAction\",\"target\":{\"@type\":\"EntryPoint\",\"urlTemplate\":\"https:\/\/improven.com\/cat\/?s={search_term_string}\"},\"query-input\":\"required name=search_term_string\"}],\"inLanguage\":\"ca\"}]}<\/script>\n<!-- \/ Yoast SEO plugin. -->","yoast_head_json":{"title":"Suscripci\u00f3n newsletter - Improven","robots":{"index":"index","follow":"follow","max-snippet":"max-snippet:-1","max-image-preview":"max-image-preview:large","max-video-preview":"max-video-preview:-1"},"canonical":"https:\/\/improven.com\/cat\/suscribete-newsletter\/","og_locale":"ca_ES","og_type":"article","og_title":"Suscripci\u00f3n newsletter - Improven","og_description":"El email que los l\u00edderes s\u00ed leen Cada mes, compartimos con nuestra comunidad los insights m\u00e1s relevantes sobre agilidad, estrategia y cultura empresarial. Contenido de valor para que tomes mejores decisiones, impulses a tu equipo y te anticipes a los retos del ma\u00f1ana.","og_url":"https:\/\/improven.com\/cat\/suscribete-newsletter\/","og_site_name":"Improven","article_modified_time":"2025-08-01T07:32:30+00:00","og_image":[{"url":"https:\/\/improven.com\/wp-content\/uploads\/2025\/08\/suscripcion_newsletter-1-768x768.jpg"}],"twitter_card":"summary_large_image","twitter_misc":{"Temps estimat de lectura":"1 minut"},"schema":{"@context":"https:\/\/schema.org","@graph":[{"@type":"WebPage","@id":"https:\/\/improven.com\/cat\/suscribete-newsletter\/","url":"https:\/\/improven.com\/cat\/suscribete-newsletter\/","name":"Suscripci\u00f3n newsletter - Improven","isPartOf":{"@id":"https:\/\/improven.com\/cat\/#website"},"datePublished":"2025-08-01T07:19:15+00:00","dateModified":"2025-08-01T07:32:30+00:00","inLanguage":"ca","potentialAction":[{"@type":"ReadAction","target":["https:\/\/improven.com\/cat\/suscribete-newsletter\/"]}]},{"@type":"WebSite","@id":"https:\/\/improven.com\/cat\/#website","url":"https:\/\/improven.com\/cat\/","name":"Improven","description":"","potentialAction":[{"@type":"SearchAction","target":{"@type":"EntryPoint","urlTemplate":"https:\/\/improven.com\/cat\/?s={search_term_string}"},"query-input":"required name=search_term_string"}],"inLanguage":"ca"}]}},"_links":{"self":[{"href":"https:\/\/improven.com\/cat\/wp-json\/wp\/v2\/pages\/16493","targetHints":{"allow":["GET"]}}],"collection":[{"href":"https:\/\/improven.com\/cat\/wp-json\/wp\/v2\/pages"}],"about":[{"href":"https:\/\/improven.com\/cat\/wp-json\/wp\/v2\/types\/page"}],"author":[{"embeddable":true,"href":"https:\/\/improven.com\/cat\/wp-json\/wp\/v2\/users\/45"}],"replies":[{"embeddable":true,"href":"https:\/\/improven.com\/cat\/wp-json\/wp\/v2\/comments?post=16493"}],"version-history":[{"count":0,"href":"https:\/\/improven.com\/cat\/wp-json\/wp\/v2\/pages\/16493\/revisions"}],"wp:attachment":[{"href":"https:\/\/improven.com\/cat\/wp-json\/wp\/v2\/media?parent=16493"}],"curies":[{"name":"wp","href":"https:\/\/api.w.org\/{rel}","templated":true}]}}